{"id":506,"date":"2021-08-19T18:01:49","date_gmt":"2021-08-19T18:01:49","guid":{"rendered":"https:\/\/sites.pucpr.br\/vidauniversitaria\/mentoria-copy\/"},"modified":"2024-04-19T12:29:49","modified_gmt":"2024-04-19T12:29:49","slug":"contato","status":"publish","type":"page","link":"https:\/\/sites.pucpr.br\/vidauniversitaria\/contato\/","title":{"rendered":"Contato"},"content":{"rendered":"\t\t<div data-elementor-type=\"wp-page\" data-elementor-id=\"506\" class=\"elementor elementor-506\">\n\t\t\t\t\t\t<div class=\"elementor-inner\">\n\t\t\t\t<div class=\"elementor-section-wrap\">\n\t\t\t\t\t\t\t\t\t<section class=\"elementor-section elementor-top-section elementor-element elementor-element-53d5155 elementor-section-boxed elementor-section-height-default elementor-section-height-default\" data-id=\"53d5155\" data-element_type=\"section\" data-settings=\"{&quot;background_background&quot;:&quot;classic&quot;}\">\n\t\t\t\t\t\t<div class=\"elementor-container elementor-column-gap-default\">\n\t\t\t\t\t\t\t<div class=\"elementor-row\">\n\t\t\t\t\t<div class=\"elementor-column elementor-col-100 elementor-top-column elementor-element elementor-element-149d4bc\" data-id=\"149d4bc\" data-element_type=\"column\">\n\t\t\t<div class=\"elementor-column-wrap elementor-element-populated\">\n\t\t\t\t\t\t\t<div class=\"elementor-widget-wrap\">\n\t\t\t\t\t\t<div class=\"elementor-element elementor-element-bbf59b8 elementor-widget elementor-widget-heading\" data-id=\"bbf59b8\" data-element_type=\"widget\" data-widget_type=\"heading.default\">\n\t\t\t\t<div class=\"elementor-widget-container\">\n\t\t\t<h2 class=\"elementor-heading-title elementor-size-default\">Est\u00e1 com d\u00favidas ou dificuldade em obter retorno de alguma \u00e1rea? <\/h2>\t\t<\/div>\n\t\t\t\t<\/div>\n\t\t\t\t\t\t<\/div>\n\t\t\t\t\t<\/div>\n\t\t<\/div>\n\t\t\t\t\t\t\t\t<\/div>\n\t\t\t\t\t<\/div>\n\t\t<\/section>\n\t\t\t\t<section class=\"elementor-section elementor-top-section elementor-element elementor-element-c34077e elementor-section-full_width elementor-section-height-default elementor-section-height-default\" data-id=\"c34077e\" data-element_type=\"section\" data-settings=\"{&quot;background_background&quot;:&quot;classic&quot;}\">\n\t\t\t\t\t\t<div class=\"elementor-container elementor-column-gap-default\">\n\t\t\t\t\t\t\t<div class=\"elementor-row\">\n\t\t\t\t\t<div class=\"elementor-column elementor-col-50 elementor-top-column elementor-element elementor-element-803e4d9\" data-id=\"803e4d9\" data-element_type=\"column\">\n\t\t\t<div class=\"elementor-column-wrap elementor-element-populated\">\n\t\t\t\t\t\t\t<div class=\"elementor-widget-wrap\">\n\t\t\t\t\t\t<div class=\"elementor-element elementor-element-4e33dbe elementor-widget elementor-widget-heading\" data-id=\"4e33dbe\" data-element_type=\"widget\" data-widget_type=\"heading.default\">\n\t\t\t\t<div class=\"elementor-widget-container\">\n\t\t\t<h4 class=\"elementor-heading-title elementor-size-default\">Fale conosco<\/h4>\t\t<\/div>\n\t\t\t\t<\/div>\n\t\t\t\t<div class=\"elementor-element elementor-element-9a66e86 elementor-position-left elementor-view-default elementor-mobile-position-top elementor-vertical-align-top elementor-widget elementor-widget-icon-box\" data-id=\"9a66e86\" data-element_type=\"widget\" data-widget_type=\"icon-box.default\">\n\t\t\t\t<div class=\"elementor-widget-container\">\n\t\t\t\t\t<div class=\"elementor-icon-box-wrapper\">\n\t\t\t\t\t\t<div class=\"elementor-icon-box-icon\">\n\t\t\t\t<a class=\"elementor-icon elementor-animation-\" href=\"https:\/\/pucpr.app\/contatoPVU\" target=\"_blank\">\n\t\t\t\t<i aria-hidden=\"true\" class=\"fab fa-whatsapp\"><\/i>\t\t\t\t<\/a>\n\t\t\t<\/div>\n\t\t\t\t\t\t<div class=\"elementor-icon-box-content\">\n\t\t\t\t<h3 class=\"elementor-icon-box-title\">\n\t\t\t\t\t<a href=\"https:\/\/pucpr.app\/contatoPVU\" target=\"_blank\" >\n\t\t\t\t\t\t(41) 99137-4233 \t\t\t\t\t<\/a>\n\t\t\t\t<\/h3>\n\t\t\t\t\t\t\t<\/div>\n\t\t<\/div>\n\t\t\t\t<\/div>\n\t\t\t\t<\/div>\n\t\t\t\t<div class=\"elementor-element elementor-element-971986f elementor-position-left elementor-view-default elementor-mobile-position-top elementor-vertical-align-top elementor-widget elementor-widget-icon-box\" data-id=\"971986f\" data-element_type=\"widget\" data-widget_type=\"icon-box.default\">\n\t\t\t\t<div class=\"elementor-widget-container\">\n\t\t\t\t\t<div class=\"elementor-icon-box-wrapper\">\n\t\t\t\t\t\t<div class=\"elementor-icon-box-icon\">\n\t\t\t\t<a class=\"elementor-icon elementor-animation-\" href=\"mailto:vida.universitaria@pucpr.br\" target=\"_blank\">\n\t\t\t\t<i aria-hidden=\"true\" class=\"far fa-envelope\"><\/i>\t\t\t\t<\/a>\n\t\t\t<\/div>\n\t\t\t\t\t\t<div class=\"elementor-icon-box-content\">\n\t\t\t\t<h3 class=\"elementor-icon-box-title\">\n\t\t\t\t\t<a href=\"mailto:vida.universitaria@pucpr.br\" target=\"_blank\" >\n\t\t\t\t\t\tvida.universitaria@pucpr.br\t\t\t\t\t<\/a>\n\t\t\t\t<\/h3>\n\t\t\t\t\t\t\t<\/div>\n\t\t<\/div>\n\t\t\t\t<\/div>\n\t\t\t\t<\/div>\n\t\t\t\t\t\t<\/div>\n\t\t\t\t\t<\/div>\n\t\t<\/div>\n\t\t\t\t<div class=\"elementor-column elementor-col-50 elementor-top-column elementor-element elementor-element-15c73fc\" data-id=\"15c73fc\" data-element_type=\"column\">\n\t\t\t<div class=\"elementor-column-wrap elementor-element-populated\">\n\t\t\t\t\t\t\t<div class=\"elementor-widget-wrap\">\n\t\t\t\t\t\t<div class=\"elementor-element elementor-element-3e36345 elementor-widget elementor-widget-shortcode\" data-id=\"3e36345\" data-element_type=\"widget\" data-widget_type=\"shortcode.default\">\n\t\t\t\t<div class=\"elementor-widget-container\">\n\t\t\t\t\t<div class=\"elementor-shortcode\">\n<div class=\"wpcf7 no-js\" id=\"wpcf7-f1198-o1\" lang=\"pt-BR\" dir=\"ltr\">\n<div class=\"screen-reader-response\"><p role=\"status\" aria-live=\"polite\" aria-atomic=\"true\"><\/p> <ul><\/ul><\/div>\n<form action=\"\/vidauniversitaria\/wp-json\/wp\/v2\/pages\/506#wpcf7-f1198-o1\" method=\"post\" class=\"wpcf7-form init\" aria-label=\"Formul\u00e1rios de contato\" novalidate=\"novalidate\" data-status=\"init\">\n<div style=\"display: none;\">\n<input type=\"hidden\" name=\"_wpcf7\" value=\"1198\" \/>\n<input type=\"hidden\" name=\"_wpcf7_version\" value=\"5.7.7\" \/>\n<input type=\"hidden\" name=\"_wpcf7_locale\" value=\"pt_BR\" \/>\n<input type=\"hidden\" name=\"_wpcf7_unit_tag\" value=\"wpcf7-f1198-o1\" \/>\n<input type=\"hidden\" name=\"_wpcf7_container_post\" value=\"0\" \/>\n<input type=\"hidden\" name=\"_wpcf7_posted_data_hash\" value=\"\" \/>\n<\/div>\n<p><label> Nome<br \/>\n<span class=\"wpcf7-form-control-wrap\" data-name=\"your-name\"><input size=\"40\" class=\"wpcf7-form-control wpcf7-text wpcf7-validates-as-required\" aria-required=\"true\" aria-invalid=\"false\" value=\"\" type=\"text\" name=\"your-name\" \/><\/span> <\/label>\n<\/p>\n<p><label> E-mail<br \/>\n<span class=\"wpcf7-form-control-wrap\" data-name=\"your-email\"><input size=\"40\" class=\"wpcf7-form-control wpcf7-text wpcf7-email wpcf7-validates-as-required wpcf7-validates-as-email\" aria-required=\"true\" aria-invalid=\"false\" value=\"\" type=\"email\" name=\"your-email\" \/><\/span> <\/label>\n<\/p>\n<p><label> Telefone<br \/>\n<span class=\"wpcf7-form-control-wrap\" data-name=\"tel\"><input size=\"40\" class=\"wpcf7-form-control wpcf7-text wpcf7-tel wpcf7-validates-as-tel\" aria-invalid=\"false\" value=\"\" type=\"tel\" name=\"tel\" \/><\/span><\/label>\n<\/p>\n<p><label> Curso<br \/>\n<span class=\"wpcf7-form-control-wrap\" data-name=\"curso\"><input size=\"40\" class=\"wpcf7-form-control wpcf7-text\" aria-invalid=\"false\" value=\"\" type=\"text\" name=\"curso\" \/><\/span><\/label>\n<\/p>\n<p><label>Turno<br \/>\n<span class=\"wpcf7-form-control-wrap\" data-name=\"turno\"><span class=\"wpcf7-form-control wpcf7-checkbox\"><span class=\"wpcf7-list-item first\"><label><input type=\"checkbox\" name=\"turno[]\" value=\"Manh\u00e3\" \/><span class=\"wpcf7-list-item-label\">Manh\u00e3<\/span><\/label><\/span><span class=\"wpcf7-list-item\"><label><input type=\"checkbox\" name=\"turno[]\" value=\"Tarde\" \/><span class=\"wpcf7-list-item-label\">Tarde<\/span><\/label><\/span><span class=\"wpcf7-list-item\"><label><input type=\"checkbox\" name=\"turno[]\" value=\"Noite\" \/><span class=\"wpcf7-list-item-label\">Noite<\/span><\/label><\/span><span class=\"wpcf7-list-item last\"><label><input type=\"checkbox\" name=\"turno[]\" value=\"Integral\" \/><span class=\"wpcf7-list-item-label\">Integral<\/span><\/label><\/span><\/span><\/span><\/label>\n<\/p>\n<p><label>Polo \/ C\u00e2mpus<br \/>\n<span class=\"wpcf7-form-control-wrap\" data-name=\"polo\"><select class=\"wpcf7-form-control wpcf7-select\" aria-invalid=\"false\" name=\"polo\"><option value=\"\">&#8212;Escolha uma op\u00e7\u00e3o&#8212;<\/option><option value=\"Cascavel\">Cascavel<\/option><option value=\"Curitiba\">Curitiba<\/option><option value=\"Guarapuava\">Guarapuava<\/option><option value=\"Londrina\">Londrina<\/option><option value=\"Maring\u00e1\">Maring\u00e1<\/option><option value=\"Ponta Grossa\">Ponta Grossa<\/option><option value=\"Toledo\">Toledo<\/option><\/select><\/span><\/label>\n<\/p>\n<p><label>Trilha de Interesse:<br \/>\n<span class=\"wpcf7-form-control-wrap\" data-name=\"trilha\"><span class=\"wpcf7-form-control wpcf7-checkbox\"><span class=\"wpcf7-list-item first\"><label><input type=\"checkbox\" name=\"trilha[]\" value=\"Esporte\" \/><span class=\"wpcf7-list-item-label\">Esporte<\/span><\/label><\/span><span class=\"wpcf7-list-item\"><label><input type=\"checkbox\" name=\"trilha[]\" value=\"Carreiras\" \/><span class=\"wpcf7-list-item-label\">Carreiras<\/span><\/label><\/span><span class=\"wpcf7-list-item\"><label><input type=\"checkbox\" name=\"trilha[]\" value=\"Internacionaliza\u00e7\u00e3o\" \/><span class=\"wpcf7-list-item-label\">Internacionaliza\u00e7\u00e3o<\/span><\/label><\/span><span class=\"wpcf7-list-item\"><label><input type=\"checkbox\" name=\"trilha[]\" value=\"Cultura\" \/><span class=\"wpcf7-list-item-label\">Cultura<\/span><\/label><\/span><span class=\"wpcf7-list-item\"><label><input type=\"checkbox\" name=\"trilha[]\" value=\"Empreendedorismo\" \/><span class=\"wpcf7-list-item-label\">Empreendedorismo<\/span><\/label><\/span><span class=\"wpcf7-list-item\"><label><input type=\"checkbox\" name=\"trilha[]\" value=\"Identidade\" \/><span class=\"wpcf7-list-item-label\">Identidade<\/span><\/label><\/span><span class=\"wpcf7-list-item last\"><label><input type=\"checkbox\" name=\"trilha[]\" value=\"Pesquisa\" \/><span class=\"wpcf7-list-item-label\">Pesquisa<\/span><\/label><\/span><\/span><\/span><\/label>\n<\/p>\n<p><label> Mensagem<br \/>\n<span class=\"wpcf7-form-control-wrap\" data-name=\"your-message\"><textarea cols=\"40\" rows=\"10\" class=\"wpcf7-form-control wpcf7-textarea\" aria-invalid=\"false\" name=\"your-message\"><\/textarea><\/span> <\/label>\n<\/p>\n<p><span class=\"wpcf7-form-control-wrap\" data-name=\"acceptance-1\"><span class=\"wpcf7-form-control wpcf7-acceptance\"><span class=\"wpcf7-list-item\"><label><input type=\"checkbox\" name=\"acceptance-1\" value=\"1\" aria-invalid=\"false\" \/><span class=\"wpcf7-list-item-label\">Concordo com a utiliza\u00e7\u00e3o dos meus dados pessoais coletados no presente formul\u00e1rio, para a finalidade de identificar minha solicita\u00e7\u00e3o e receber retorno do Grupo Marista, de acordo com a Pol\u00edtica de Privacidade e Prote\u00e7\u00e3o de Dados.<\/span><\/label><\/span><\/span><\/span>\n<\/p>\n<p><input class=\"wpcf7-form-control has-spinner wpcf7-submit\" type=\"submit\" value=\"Enviar\" \/>\n<\/p><div class=\"wpcf7-response-output\" aria-hidden=\"true\"><\/div>\n<\/form>\n<\/div>\n<\/div>\n\t\t\t\t<\/div>\n\t\t\t\t<\/div>\n\t\t\t\t\t\t<\/div>\n\t\t\t\t\t<\/div>\n\t\t<\/div>\n\t\t\t\t\t\t\t\t<\/div>\n\t\t\t\t\t<\/div>\n\t\t<\/section>\n\t\t\t\t\t\t\t\t\t<\/div>\n\t\t\t<\/div>\n\t\t\t\t\t<\/div>\n\t\t","protected":false},"excerpt":{"rendered":"<p>Est\u00e1 com d\u00favidas ou dificuldade em obter retorno de alguma \u00e1rea? Fale conosco (41) 99137-4233 vida.universitaria@pucpr.br<\/p>\n","protected":false},"author":15,"featured_media":0,"parent":0,"menu_order":0,"comment_status":"closed","ping_status":"closed","template":"","meta":[],"yoast_head":"<!-- This site is optimized with the Yoast SEO plugin v18.4.1 - https:\/\/yoast.com\/wordpress\/plugins\/seo\/ -->\n<title>Contato - Vida Universit\u00e1ria<\/title>\n<meta name=\"robots\" content=\"index, follow, max-snippet:-1, max-image-preview:large, max-video-preview:-1\" \/>\n<link rel=\"canonical\" href=\"https:\/\/sites.pucpr.br\/vidauniversitaria\/contato\/\" \/>\n<meta property=\"og:locale\" content=\"pt_BR\" \/>\n<meta property=\"og:type\" content=\"article\" \/>\n<meta property=\"og:title\" content=\"Contato - Vida Universit\u00e1ria\" \/>\n<meta property=\"og:description\" content=\"Est\u00e1 com d\u00favidas ou dificuldade em obter retorno de alguma \u00e1rea? Fale conosco (41) 99137-4233 vida.universitaria@pucpr.br\" \/>\n<meta property=\"og:url\" content=\"https:\/\/sites.pucpr.br\/vidauniversitaria\/contato\/\" \/>\n<meta property=\"og:site_name\" content=\"Vida Universit\u00e1ria\" \/>\n<meta property=\"article:modified_time\" content=\"2024-04-19T12:29:49+00:00\" \/>\n<meta name=\"twitter:card\" content=\"summary_large_image\" \/>\n<script type=\"application\/ld+json\" class=\"yoast-schema-graph\">{\"@context\":\"https:\/\/schema.org\",\"@graph\":[{\"@type\":\"WebSite\",\"@id\":\"https:\/\/sites.pucpr.br\/vidauniversitaria\/#website\",\"url\":\"https:\/\/sites.pucpr.br\/vidauniversitaria\/\",\"name\":\"Vida Universit\u00e1ria\",\"description\":\"A cada trilha, uma descoberta\",\"potentialAction\":[{\"@type\":\"SearchAction\",\"target\":{\"@type\":\"EntryPoint\",\"urlTemplate\":\"https:\/\/sites.pucpr.br\/vidauniversitaria\/?s={search_term_string}\"},\"query-input\":\"required name=search_term_string\"}],\"inLanguage\":\"pt-BR\"},{\"@type\":\"WebPage\",\"@id\":\"https:\/\/sites.pucpr.br\/vidauniversitaria\/contato\/#webpage\",\"url\":\"https:\/\/sites.pucpr.br\/vidauniversitaria\/contato\/\",\"name\":\"Contato - Vida Universit\u00e1ria\",\"isPartOf\":{\"@id\":\"https:\/\/sites.pucpr.br\/vidauniversitaria\/#website\"},\"datePublished\":\"2021-08-19T18:01:49+00:00\",\"dateModified\":\"2024-04-19T12:29:49+00:00\",\"breadcrumb\":{\"@id\":\"https:\/\/sites.pucpr.br\/vidauniversitaria\/contato\/#breadcrumb\"},\"inLanguage\":\"pt-BR\",\"potentialAction\":[{\"@type\":\"ReadAction\",\"target\":[\"https:\/\/sites.pucpr.br\/vidauniversitaria\/contato\/\"]}]},{\"@type\":\"BreadcrumbList\",\"@id\":\"https:\/\/sites.pucpr.br\/vidauniversitaria\/contato\/#breadcrumb\",\"itemListElement\":[{\"@type\":\"ListItem\",\"position\":1,\"name\":\"In\u00edcio\",\"item\":\"https:\/\/sites.pucpr.br\/vidauniversitaria\/\"},{\"@type\":\"ListItem\",\"position\":2,\"name\":\"Contato\"}]}]}<\/script>\n<!-- \/ Yoast SEO plugin. -->","yoast_head_json":{"title":"Contato - Vida Universit\u00e1ria","robots":{"index":"index","follow":"follow","max-snippet":"max-snippet:-1","max-image-preview":"max-image-preview:large","max-video-preview":"max-video-preview:-1"},"canonical":"https:\/\/sites.pucpr.br\/vidauniversitaria\/contato\/","og_locale":"pt_BR","og_type":"article","og_title":"Contato - Vida Universit\u00e1ria","og_description":"Est\u00e1 com d\u00favidas ou dificuldade em obter retorno de alguma \u00e1rea? Fale conosco (41) 99137-4233 vida.universitaria@pucpr.br","og_url":"https:\/\/sites.pucpr.br\/vidauniversitaria\/contato\/","og_site_name":"Vida Universit\u00e1ria","article_modified_time":"2024-04-19T12:29:49+00:00","twitter_card":"summary_large_image","schema":{"@context":"https:\/\/schema.org","@graph":[{"@type":"WebSite","@id":"https:\/\/sites.pucpr.br\/vidauniversitaria\/#website","url":"https:\/\/sites.pucpr.br\/vidauniversitaria\/","name":"Vida Universit\u00e1ria","description":"A cada trilha, uma descoberta","potentialAction":[{"@type":"SearchAction","target":{"@type":"EntryPoint","urlTemplate":"https:\/\/sites.pucpr.br\/vidauniversitaria\/?s={search_term_string}"},"query-input":"required name=search_term_string"}],"inLanguage":"pt-BR"},{"@type":"WebPage","@id":"https:\/\/sites.pucpr.br\/vidauniversitaria\/contato\/#webpage","url":"https:\/\/sites.pucpr.br\/vidauniversitaria\/contato\/","name":"Contato - Vida Universit\u00e1ria","isPartOf":{"@id":"https:\/\/sites.pucpr.br\/vidauniversitaria\/#website"},"datePublished":"2021-08-19T18:01:49+00:00","dateModified":"2024-04-19T12:29:49+00:00","breadcrumb":{"@id":"https:\/\/sites.pucpr.br\/vidauniversitaria\/contato\/#breadcrumb"},"inLanguage":"pt-BR","potentialAction":[{"@type":"ReadAction","target":["https:\/\/sites.pucpr.br\/vidauniversitaria\/contato\/"]}]},{"@type":"BreadcrumbList","@id":"https:\/\/sites.pucpr.br\/vidauniversitaria\/contato\/#breadcrumb","itemListElement":[{"@type":"ListItem","position":1,"name":"In\u00edcio","item":"https:\/\/sites.pucpr.br\/vidauniversitaria\/"},{"@type":"ListItem","position":2,"name":"Contato"}]}]}},"acf":[],"_links":{"self":[{"href":"https:\/\/sites.pucpr.br\/vidauniversitaria\/wp-json\/wp\/v2\/pages\/506"}],"collection":[{"href":"https:\/\/sites.pucpr.br\/vidauniversitaria\/wp-json\/wp\/v2\/pages"}],"about":[{"href":"https:\/\/sites.pucpr.br\/vidauniversitaria\/wp-json\/wp\/v2\/types\/page"}],"author":[{"embeddable":true,"href":"https:\/\/sites.pucpr.br\/vidauniversitaria\/wp-json\/wp\/v2\/users\/15"}],"replies":[{"embeddable":true,"href":"https:\/\/sites.pucpr.br\/vidauniversitaria\/wp-json\/wp\/v2\/comments?post=506"}],"version-history":[{"count":74,"href":"https:\/\/sites.pucpr.br\/vidauniversitaria\/wp-json\/wp\/v2\/pages\/506\/revisions"}],"predecessor-version":[{"id":3153,"href":"https:\/\/sites.pucpr.br\/vidauniversitaria\/wp-json\/wp\/v2\/pages\/506\/revisions\/3153"}],"wp:attachment":[{"href":"https:\/\/sites.pucpr.br\/vidauniversitaria\/wp-json\/wp\/v2\/media?parent=506"}],"curies":[{"name":"wp","href":"https:\/\/api.w.org\/{rel}","templated":true}]}}