{"id":662,"date":"2025-10-10T10:58:21","date_gmt":"2025-10-10T13:58:21","guid":{"rendered":"https:\/\/sites.pucpr.br\/universitas\/?page_id=662"},"modified":"2025-10-10T10:59:24","modified_gmt":"2025-10-10T13:59:24","slug":"home","status":"publish","type":"page","link":"https:\/\/sites.pucpr.br\/universitas\/","title":{"rendered":"Home"},"content":{"rendered":"\n<p>O UNIVERSITAS &amp; DIREITO \u00e9 o evento de divulga\u00e7\u00e3o do conhecimento e integra\u00e7\u00e3o acad\u00eamica entre gradua\u00e7\u00e3o e p\u00f3s-gradua\u00e7\u00e3o e desenvolvimento de pesquisa e extens\u00e3o promovido pela Escola de Direito \u2013 Campus Curitiba \u2013 da PUCPR.<\/p>\n","protected":false},"excerpt":{"rendered":"<p>O UNIVERSITAS &amp; DIREITO \u00e9 o evento de divulga\u00e7\u00e3o do conhecimento e integra\u00e7\u00e3o acad\u00eamica entre gradua\u00e7\u00e3o e p\u00f3s-gradua\u00e7\u00e3o e desenvolvimento de pesquisa e extens\u00e3o promovido pela Escola de Direito \u2013 Campus Curitiba \u2013 da PUCPR.<\/p>\n","protected":false},"author":2,"featured_media":659,"parent":0,"menu_order":0,"comment_status":"closed","ping_status":"closed","template":"","meta":[],"yoast_head":"<!-- This site is optimized with the Yoast SEO plugin v18.4.1 - https:\/\/yoast.com\/wordpress\/plugins\/seo\/ -->\n<title>UNIVERSITAS &amp; DIREITO | PUCPR<\/title>\n<meta name=\"description\" content=\"O UNIVERSITAS &amp; DIREITO \u00e9 o evento de divulga\u00e7\u00e3o do conhecimento e integra\u00e7\u00e3o acad\u00eamica entre gradua\u00e7\u00e3o e p\u00f3s-gradua\u00e7\u00e3o e desenvolvimento de pesquisa e extens\u00e3o promovido pela Escola de Direito \u2013 Campus Curitiba \u2013 da PUCPR.\" \/>\n<meta name=\"robots\" content=\"index, follow, max-snippet:-1, max-image-preview:large, max-video-preview:-1\" \/>\n<link rel=\"canonical\" href=\"https:\/\/sites.pucpr.br\/universitas\/\" \/>\n<meta property=\"og:locale\" content=\"pt_BR\" \/>\n<meta property=\"og:type\" content=\"article\" \/>\n<meta property=\"og:title\" content=\"UNIVERSITAS &amp; DIREITO | PUCPR\" \/>\n<meta property=\"og:description\" content=\"O UNIVERSITAS &amp; DIREITO \u00e9 o evento de divulga\u00e7\u00e3o do conhecimento e integra\u00e7\u00e3o acad\u00eamica entre gradua\u00e7\u00e3o e p\u00f3s-gradua\u00e7\u00e3o e desenvolvimento de pesquisa e extens\u00e3o promovido pela Escola de Direito \u2013 Campus Curitiba \u2013 da PUCPR.\" \/>\n<meta property=\"og:url\" content=\"https:\/\/sites.pucpr.br\/universitas\/\" \/>\n<meta property=\"og:site_name\" content=\"UNIVERSITAS &amp; DIREITO | PUCPR\" \/>\n<meta property=\"article:modified_time\" content=\"2025-10-10T13:59:24+00:00\" \/>\n<meta property=\"og:image\" content=\"http:\/\/sites.pucpr.br\/universitas\/wp-content\/uploads\/sites\/30\/2021\/10\/cropped-universitas-2023-e1760102207801.png\" \/>\n\t<meta property=\"og:image:width\" content=\"702\" \/>\n\t<meta property=\"og:image:height\" content=\"402\" \/>\n\t<meta property=\"og:image:type\" content=\"image\/png\" \/>\n<meta name=\"twitter:card\" content=\"summary_large_image\" \/>\n<script type=\"application\/ld+json\" class=\"yoast-schema-graph\">{\"@context\":\"https:\/\/schema.org\",\"@graph\":[{\"@type\":\"WebSite\",\"@id\":\"https:\/\/sites.pucpr.br\/universitas\/#website\",\"url\":\"https:\/\/sites.pucpr.br\/universitas\/\",\"name\":\"UNIVERSITAS &amp; DIREITO | PUCPR\",\"description\":\"O UNIVERSITAS &amp; DIREITO \u00e9 o evento de divulga\u00e7\u00e3o do conhecimento e integra\u00e7\u00e3o acad\u00eamica entre gradua\u00e7\u00e3o e p\u00f3s-gradua\u00e7\u00e3o e desenvolvimento de pesquisa e extens\u00e3o promovido pela Escola de Direito \u2013 Campus Curitiba \u2013 da PUCPR.\",\"potentialAction\":[{\"@type\":\"SearchAction\",\"target\":{\"@type\":\"EntryPoint\",\"urlTemplate\":\"https:\/\/sites.pucpr.br\/universitas\/?s={search_term_string}\"},\"query-input\":\"required name=search_term_string\"}],\"inLanguage\":\"pt-BR\"},{\"@type\":\"ImageObject\",\"@id\":\"https:\/\/sites.pucpr.br\/universitas\/#primaryimage\",\"inLanguage\":\"pt-BR\",\"url\":\"https:\/\/sites.pucpr.br\/universitas\/wp-content\/uploads\/sites\/30\/2021\/10\/cropped-universitas-2023-e1760102207801.png\",\"contentUrl\":\"https:\/\/sites.pucpr.br\/universitas\/wp-content\/uploads\/sites\/30\/2021\/10\/cropped-universitas-2023-e1760102207801.png\",\"width\":702,\"height\":402},{\"@type\":\"WebPage\",\"@id\":\"https:\/\/sites.pucpr.br\/universitas\/#webpage\",\"url\":\"https:\/\/sites.pucpr.br\/universitas\/\",\"name\":\"UNIVERSITAS &amp; DIREITO | PUCPR\",\"isPartOf\":{\"@id\":\"https:\/\/sites.pucpr.br\/universitas\/#website\"},\"primaryImageOfPage\":{\"@id\":\"https:\/\/sites.pucpr.br\/universitas\/#primaryimage\"},\"datePublished\":\"2025-10-10T13:58:21+00:00\",\"dateModified\":\"2025-10-10T13:59:24+00:00\",\"description\":\"O UNIVERSITAS & DIREITO \u00e9 o evento de divulga\u00e7\u00e3o do conhecimento e integra\u00e7\u00e3o acad\u00eamica entre gradua\u00e7\u00e3o e p\u00f3s-gradua\u00e7\u00e3o e desenvolvimento de pesquisa e extens\u00e3o promovido pela Escola de Direito \u2013 Campus Curitiba \u2013 da PUCPR.\",\"breadcrumb\":{\"@id\":\"https:\/\/sites.pucpr.br\/universitas\/#breadcrumb\"},\"inLanguage\":\"pt-BR\",\"potentialAction\":[{\"@type\":\"ReadAction\",\"target\":[\"https:\/\/sites.pucpr.br\/universitas\/\"]}]},{\"@type\":\"BreadcrumbList\",\"@id\":\"https:\/\/sites.pucpr.br\/universitas\/#breadcrumb\",\"itemListElement\":[{\"@type\":\"ListItem\",\"position\":1,\"name\":\"In\u00edcio\",\"item\":\"https:\/\/sites.pucpr.br\/universitas\/\"},{\"@type\":\"ListItem\",\"position\":2,\"name\":\"Home\"}]}]}<\/script>\n<!-- \/ Yoast SEO plugin. -->","yoast_head_json":{"title":"UNIVERSITAS &amp; DIREITO | PUCPR","description":"O UNIVERSITAS & DIREITO \u00e9 o evento de divulga\u00e7\u00e3o do conhecimento e integra\u00e7\u00e3o acad\u00eamica entre gradua\u00e7\u00e3o e p\u00f3s-gradua\u00e7\u00e3o e desenvolvimento de pesquisa e extens\u00e3o promovido pela Escola de Direito \u2013 Campus Curitiba \u2013 da PUCPR.","robots":{"index":"index","follow":"follow","max-snippet":"max-snippet:-1","max-image-preview":"max-image-preview:large","max-video-preview":"max-video-preview:-1"},"canonical":"https:\/\/sites.pucpr.br\/universitas\/","og_locale":"pt_BR","og_type":"article","og_title":"UNIVERSITAS &amp; DIREITO | PUCPR","og_description":"O UNIVERSITAS & DIREITO \u00e9 o evento de divulga\u00e7\u00e3o do conhecimento e integra\u00e7\u00e3o acad\u00eamica entre gradua\u00e7\u00e3o e p\u00f3s-gradua\u00e7\u00e3o e desenvolvimento de pesquisa e extens\u00e3o promovido pela Escola de Direito \u2013 Campus Curitiba \u2013 da PUCPR.","og_url":"https:\/\/sites.pucpr.br\/universitas\/","og_site_name":"UNIVERSITAS &amp; DIREITO | PUCPR","article_modified_time":"2025-10-10T13:59:24+00:00","og_image":[{"width":702,"height":402,"url":"http:\/\/sites.pucpr.br\/universitas\/wp-content\/uploads\/sites\/30\/2021\/10\/cropped-universitas-2023-e1760102207801.png","type":"image\/png"}],"twitter_card":"summary_large_image","schema":{"@context":"https:\/\/schema.org","@graph":[{"@type":"WebSite","@id":"https:\/\/sites.pucpr.br\/universitas\/#website","url":"https:\/\/sites.pucpr.br\/universitas\/","name":"UNIVERSITAS &amp; DIREITO | PUCPR","description":"O UNIVERSITAS &amp; DIREITO \u00e9 o evento de divulga\u00e7\u00e3o do conhecimento e integra\u00e7\u00e3o acad\u00eamica entre gradua\u00e7\u00e3o e p\u00f3s-gradua\u00e7\u00e3o e desenvolvimento de pesquisa e extens\u00e3o promovido pela Escola de Direito \u2013 Campus Curitiba \u2013 da PUCPR.","potentialAction":[{"@type":"SearchAction","target":{"@type":"EntryPoint","urlTemplate":"https:\/\/sites.pucpr.br\/universitas\/?s={search_term_string}"},"query-input":"required name=search_term_string"}],"inLanguage":"pt-BR"},{"@type":"ImageObject","@id":"https:\/\/sites.pucpr.br\/universitas\/#primaryimage","inLanguage":"pt-BR","url":"https:\/\/sites.pucpr.br\/universitas\/wp-content\/uploads\/sites\/30\/2021\/10\/cropped-universitas-2023-e1760102207801.png","contentUrl":"https:\/\/sites.pucpr.br\/universitas\/wp-content\/uploads\/sites\/30\/2021\/10\/cropped-universitas-2023-e1760102207801.png","width":702,"height":402},{"@type":"WebPage","@id":"https:\/\/sites.pucpr.br\/universitas\/#webpage","url":"https:\/\/sites.pucpr.br\/universitas\/","name":"UNIVERSITAS &amp; DIREITO | PUCPR","isPartOf":{"@id":"https:\/\/sites.pucpr.br\/universitas\/#website"},"primaryImageOfPage":{"@id":"https:\/\/sites.pucpr.br\/universitas\/#primaryimage"},"datePublished":"2025-10-10T13:58:21+00:00","dateModified":"2025-10-10T13:59:24+00:00","description":"O UNIVERSITAS & DIREITO \u00e9 o evento de divulga\u00e7\u00e3o do conhecimento e integra\u00e7\u00e3o acad\u00eamica entre gradua\u00e7\u00e3o e p\u00f3s-gradua\u00e7\u00e3o e desenvolvimento de pesquisa e extens\u00e3o promovido pela Escola de Direito \u2013 Campus Curitiba \u2013 da PUCPR.","breadcrumb":{"@id":"https:\/\/sites.pucpr.br\/universitas\/#breadcrumb"},"inLanguage":"pt-BR","potentialAction":[{"@type":"ReadAction","target":["https:\/\/sites.pucpr.br\/universitas\/"]}]},{"@type":"BreadcrumbList","@id":"https:\/\/sites.pucpr.br\/universitas\/#breadcrumb","itemListElement":[{"@type":"ListItem","position":1,"name":"In\u00edcio","item":"https:\/\/sites.pucpr.br\/universitas\/"},{"@type":"ListItem","position":2,"name":"Home"}]}]}},"_links":{"self":[{"href":"https:\/\/sites.pucpr.br\/universitas\/wp-json\/wp\/v2\/pages\/662"}],"collection":[{"href":"https:\/\/sites.pucpr.br\/universitas\/wp-json\/wp\/v2\/pages"}],"about":[{"href":"https:\/\/sites.pucpr.br\/universitas\/wp-json\/wp\/v2\/types\/page"}],"author":[{"embeddable":true,"href":"https:\/\/sites.pucpr.br\/universitas\/wp-json\/wp\/v2\/users\/2"}],"replies":[{"embeddable":true,"href":"https:\/\/sites.pucpr.br\/universitas\/wp-json\/wp\/v2\/comments?post=662"}],"version-history":[{"count":1,"href":"https:\/\/sites.pucpr.br\/universitas\/wp-json\/wp\/v2\/pages\/662\/revisions"}],"predecessor-version":[{"id":663,"href":"https:\/\/sites.pucpr.br\/universitas\/wp-json\/wp\/v2\/pages\/662\/revisions\/663"}],"wp:featuredmedia":[{"embeddable":true,"href":"https:\/\/sites.pucpr.br\/universitas\/wp-json\/wp\/v2\/media\/659"}],"wp:attachment":[{"href":"https:\/\/sites.pucpr.br\/universitas\/wp-json\/wp\/v2\/media?parent=662"}],"curies":[{"name":"wp","href":"https:\/\/api.w.org\/{rel}","templated":true}]}}