{"id":447,"date":"2022-09-22T10:28:55","date_gmt":"2022-09-22T13:28:55","guid":{"rendered":"https:\/\/sites.pucpr.br\/universitas\/?page_id=447"},"modified":"2022-09-22T10:28:57","modified_gmt":"2022-09-22T13:28:57","slug":"mapa-campus","status":"publish","type":"page","link":"https:\/\/sites.pucpr.br\/universitas\/mapa-campus\/","title":{"rendered":"Mapa C\u00e2mpus"},"content":{"rendered":"<div id=\"image-map-pro-7581\"><\/div>\n","protected":false},"excerpt":{"rendered":"","protected":false},"author":2,"featured_media":0,"parent":0,"menu_order":0,"comment_status":"closed","ping_status":"closed","template":"","meta":[],"yoast_head":"<!-- This site is optimized with the Yoast SEO plugin v18.4.1 - https:\/\/yoast.com\/wordpress\/plugins\/seo\/ -->\n<title>Mapa C\u00e2mpus - UNIVERSITAS &amp; DIREITO | PUCPR<\/title>\n<meta name=\"robots\" content=\"index, follow, max-snippet:-1, max-image-preview:large, max-video-preview:-1\" \/>\n<link rel=\"canonical\" href=\"https:\/\/sites.pucpr.br\/universitas\/mapa-campus\/\" \/>\n<meta property=\"og:locale\" content=\"pt_BR\" \/>\n<meta property=\"og:type\" content=\"article\" \/>\n<meta property=\"og:title\" content=\"Mapa C\u00e2mpus - UNIVERSITAS &amp; DIREITO | PUCPR\" \/>\n<meta property=\"og:url\" content=\"https:\/\/sites.pucpr.br\/universitas\/mapa-campus\/\" \/>\n<meta property=\"og:site_name\" content=\"UNIVERSITAS &amp; DIREITO | PUCPR\" \/>\n<meta property=\"article:modified_time\" content=\"2022-09-22T13:28:57+00:00\" \/>\n<meta name=\"twitter:card\" content=\"summary_large_image\" \/>\n<meta name=\"twitter:label1\" content=\"Est. tempo de leitura\" \/>\n\t<meta name=\"twitter:data1\" content=\"1 minuto\" \/>\n<script type=\"application\/ld+json\" class=\"yoast-schema-graph\">{\"@context\":\"https:\/\/schema.org\",\"@graph\":[{\"@type\":\"WebSite\",\"@id\":\"https:\/\/sites.pucpr.br\/universitas\/#website\",\"url\":\"https:\/\/sites.pucpr.br\/universitas\/\",\"name\":\"UNIVERSITAS &amp; DIREITO | PUCPR\",\"description\":\"O UNIVERSITAS &amp; DIREITO \u00e9 o evento de divulga\u00e7\u00e3o do conhecimento e integra\u00e7\u00e3o acad\u00eamica entre gradua\u00e7\u00e3o e p\u00f3s-gradua\u00e7\u00e3o e desenvolvimento de pesquisa e extens\u00e3o promovido pela Escola de Direito \u2013 Campus Curitiba \u2013 da PUCPR.\",\"potentialAction\":[{\"@type\":\"SearchAction\",\"target\":{\"@type\":\"EntryPoint\",\"urlTemplate\":\"https:\/\/sites.pucpr.br\/universitas\/?s={search_term_string}\"},\"query-input\":\"required name=search_term_string\"}],\"inLanguage\":\"pt-BR\"},{\"@type\":\"WebPage\",\"@id\":\"https:\/\/sites.pucpr.br\/universitas\/mapa-campus\/#webpage\",\"url\":\"https:\/\/sites.pucpr.br\/universitas\/mapa-campus\/\",\"name\":\"Mapa C\u00e2mpus - UNIVERSITAS &amp; DIREITO | PUCPR\",\"isPartOf\":{\"@id\":\"https:\/\/sites.pucpr.br\/universitas\/#website\"},\"datePublished\":\"2022-09-22T13:28:55+00:00\",\"dateModified\":\"2022-09-22T13:28:57+00:00\",\"breadcrumb\":{\"@id\":\"https:\/\/sites.pucpr.br\/universitas\/mapa-campus\/#breadcrumb\"},\"inLanguage\":\"pt-BR\",\"potentialAction\":[{\"@type\":\"ReadAction\",\"target\":[\"https:\/\/sites.pucpr.br\/universitas\/mapa-campus\/\"]}]},{\"@type\":\"BreadcrumbList\",\"@id\":\"https:\/\/sites.pucpr.br\/universitas\/mapa-campus\/#breadcrumb\",\"itemListElement\":[{\"@type\":\"ListItem\",\"position\":1,\"name\":\"In\u00edcio\",\"item\":\"https:\/\/sites.pucpr.br\/universitas\/\"},{\"@type\":\"ListItem\",\"position\":2,\"name\":\"Mapa C\u00e2mpus\"}]}]}<\/script>\n<!-- \/ Yoast SEO plugin. -->","yoast_head_json":{"title":"Mapa C\u00e2mpus - UNIVERSITAS &amp; DIREITO | PUCPR","robots":{"index":"index","follow":"follow","max-snippet":"max-snippet:-1","max-image-preview":"max-image-preview:large","max-video-preview":"max-video-preview:-1"},"canonical":"https:\/\/sites.pucpr.br\/universitas\/mapa-campus\/","og_locale":"pt_BR","og_type":"article","og_title":"Mapa C\u00e2mpus - UNIVERSITAS &amp; DIREITO | PUCPR","og_url":"https:\/\/sites.pucpr.br\/universitas\/mapa-campus\/","og_site_name":"UNIVERSITAS &amp; DIREITO | PUCPR","article_modified_time":"2022-09-22T13:28:57+00:00","twitter_card":"summary_large_image","twitter_misc":{"Est. tempo de leitura":"1 minuto"},"schema":{"@context":"https:\/\/schema.org","@graph":[{"@type":"WebSite","@id":"https:\/\/sites.pucpr.br\/universitas\/#website","url":"https:\/\/sites.pucpr.br\/universitas\/","name":"UNIVERSITAS &amp; DIREITO | PUCPR","description":"O UNIVERSITAS &amp; DIREITO \u00e9 o evento de divulga\u00e7\u00e3o do conhecimento e integra\u00e7\u00e3o acad\u00eamica entre gradua\u00e7\u00e3o e p\u00f3s-gradua\u00e7\u00e3o e desenvolvimento de pesquisa e extens\u00e3o promovido pela Escola de Direito \u2013 Campus Curitiba \u2013 da PUCPR.","potentialAction":[{"@type":"SearchAction","target":{"@type":"EntryPoint","urlTemplate":"https:\/\/sites.pucpr.br\/universitas\/?s={search_term_string}"},"query-input":"required name=search_term_string"}],"inLanguage":"pt-BR"},{"@type":"WebPage","@id":"https:\/\/sites.pucpr.br\/universitas\/mapa-campus\/#webpage","url":"https:\/\/sites.pucpr.br\/universitas\/mapa-campus\/","name":"Mapa C\u00e2mpus - UNIVERSITAS &amp; DIREITO | PUCPR","isPartOf":{"@id":"https:\/\/sites.pucpr.br\/universitas\/#website"},"datePublished":"2022-09-22T13:28:55+00:00","dateModified":"2022-09-22T13:28:57+00:00","breadcrumb":{"@id":"https:\/\/sites.pucpr.br\/universitas\/mapa-campus\/#breadcrumb"},"inLanguage":"pt-BR","potentialAction":[{"@type":"ReadAction","target":["https:\/\/sites.pucpr.br\/universitas\/mapa-campus\/"]}]},{"@type":"BreadcrumbList","@id":"https:\/\/sites.pucpr.br\/universitas\/mapa-campus\/#breadcrumb","itemListElement":[{"@type":"ListItem","position":1,"name":"In\u00edcio","item":"https:\/\/sites.pucpr.br\/universitas\/"},{"@type":"ListItem","position":2,"name":"Mapa C\u00e2mpus"}]}]}},"_links":{"self":[{"href":"https:\/\/sites.pucpr.br\/universitas\/wp-json\/wp\/v2\/pages\/447"}],"collection":[{"href":"https:\/\/sites.pucpr.br\/universitas\/wp-json\/wp\/v2\/pages"}],"about":[{"href":"https:\/\/sites.pucpr.br\/universitas\/wp-json\/wp\/v2\/types\/page"}],"author":[{"embeddable":true,"href":"https:\/\/sites.pucpr.br\/universitas\/wp-json\/wp\/v2\/users\/2"}],"replies":[{"embeddable":true,"href":"https:\/\/sites.pucpr.br\/universitas\/wp-json\/wp\/v2\/comments?post=447"}],"version-history":[{"count":1,"href":"https:\/\/sites.pucpr.br\/universitas\/wp-json\/wp\/v2\/pages\/447\/revisions"}],"predecessor-version":[{"id":448,"href":"https:\/\/sites.pucpr.br\/universitas\/wp-json\/wp\/v2\/pages\/447\/revisions\/448"}],"wp:attachment":[{"href":"https:\/\/sites.pucpr.br\/universitas\/wp-json\/wp\/v2\/media?parent=447"}],"curies":[{"name":"wp","href":"https:\/\/api.w.org\/{rel}","templated":true}]}}