{"id":196,"date":"2021-10-15T11:26:24","date_gmt":"2021-10-15T14:26:24","guid":{"rendered":"https:\/\/sites.pucpr.br\/universitas\/?page_id=196"},"modified":"2025-10-21T12:01:13","modified_gmt":"2025-10-21T15:01:13","slug":"contato","status":"publish","type":"page","link":"https:\/\/sites.pucpr.br\/universitas\/contato\/","title":{"rendered":"Contato"},"content":{"rendered":"\n<p>Em caso de d\u00favidas e para maiores esclarecimentos entre em contato conosco diretamente pelo e-mail: <a href=\"mailto:contato.universitas@pucpr.br\">contato.universitas@pucpr.br<\/a><\/p>\n\n\n\n<div class=\"wpcf7 no-js\" id=\"wpcf7-f281-o1\" lang=\"pt-BR\" dir=\"ltr\">\n<div class=\"screen-reader-response\"><p role=\"status\" aria-live=\"polite\" aria-atomic=\"true\"><\/p> <ul><\/ul><\/div>\n<form action=\"\/universitas\/wp-json\/wp\/v2\/pages\/196#wpcf7-f281-o1\" method=\"post\" class=\"wpcf7-form init\" aria-label=\"Formul\u00e1rios de contato\" novalidate=\"novalidate\" data-status=\"init\">\n<div style=\"display: none;\">\n<input type=\"hidden\" name=\"_wpcf7\" value=\"281\" \/>\n<input type=\"hidden\" name=\"_wpcf7_version\" value=\"5.7.7\" \/>\n<input type=\"hidden\" name=\"_wpcf7_locale\" value=\"pt_BR\" \/>\n<input type=\"hidden\" name=\"_wpcf7_unit_tag\" value=\"wpcf7-f281-o1\" \/>\n<input type=\"hidden\" name=\"_wpcf7_container_post\" value=\"0\" \/>\n<input type=\"hidden\" name=\"_wpcf7_posted_data_hash\" value=\"\" \/>\n<\/div>\n<p><label> Seu nome<br \/>\n<span class=\"wpcf7-form-control-wrap\" data-name=\"your-name\"><input size=\"40\" class=\"wpcf7-form-control wpcf7-text wpcf7-validates-as-required\" aria-required=\"true\" aria-invalid=\"false\" value=\"\" type=\"text\" name=\"your-name\" \/><\/span> <\/label>\n<\/p>\n<p><label> Seu e-mail<br \/>\n<span class=\"wpcf7-form-control-wrap\" data-name=\"your-email\"><input size=\"40\" class=\"wpcf7-form-control wpcf7-text wpcf7-email wpcf7-validates-as-required wpcf7-validates-as-email\" aria-required=\"true\" aria-invalid=\"false\" value=\"\" type=\"email\" name=\"your-email\" \/><\/span> <\/label>\n<\/p>\n<p><label> Assunto<br \/>\n<span class=\"wpcf7-form-control-wrap\" data-name=\"your-subject\"><input size=\"40\" class=\"wpcf7-form-control wpcf7-text wpcf7-validates-as-required\" aria-required=\"true\" aria-invalid=\"false\" value=\"\" type=\"text\" name=\"your-subject\" \/><\/span> <\/label>\n<\/p>\n<p><label> Sua mensagem (opcional)<br \/>\n<span class=\"wpcf7-form-control-wrap\" data-name=\"your-message\"><textarea cols=\"40\" rows=\"10\" class=\"wpcf7-form-control wpcf7-textarea\" aria-invalid=\"false\" name=\"your-message\"><\/textarea><\/span> <\/label>\n<\/p>\n<p><input class=\"wpcf7-form-control has-spinner wpcf7-submit\" type=\"submit\" value=\"Enviar\" \/>\n<\/p>\n<p><span style=\"width: 50%; font-size: 14px;\">A PUCPR coleta seus dados pessoais para possibilitar o contato com voc\u00ea e esclarecer eventuais d\u00favidas sobre o evento. As informa\u00e7\u00f5es fornecidas ser\u00e3o utilizadas exclusivamente para finalidade para atender \u00e0s suas solicita\u00e7\u00f5es.<br \/>\nO tratamento dos seus dados pessoais ser\u00e1 realizado em conformidade com a Lei Geral de Prote\u00e7\u00e3o de Dados Pessoais (LGPD). Para mais detalhes sobre o tratamento de dados pessoais, acesse nosso <a href=\"https:\/\/www.pucpr.br\/aviso-de-privacidade\/\" target=\"blank\">Aviso de Privacidade<\/a>.<\/span>\n<\/p><div class=\"wpcf7-response-output\" aria-hidden=\"true\"><\/div>\n<\/form>\n<\/div>\n\n\n\n\n<p><\/p>\n","protected":false},"excerpt":{"rendered":"<p>Em caso de d\u00favidas e para maiores esclarecimentos entre em contato conosco diretamente pelo e-mail: contato.universitas@pucpr.br<\/p>\n","protected":false},"author":2,"featured_media":0,"parent":0,"menu_order":0,"comment_status":"closed","ping_status":"closed","template":"","meta":[],"yoast_head":"<!-- This site is optimized with the Yoast SEO plugin v18.4.1 - https:\/\/yoast.com\/wordpress\/plugins\/seo\/ -->\n<title>Contato - UNIVERSITAS &amp; DIREITO | PUCPR<\/title>\n<meta name=\"robots\" content=\"index, follow, max-snippet:-1, max-image-preview:large, max-video-preview:-1\" \/>\n<link rel=\"canonical\" href=\"https:\/\/sites.pucpr.br\/universitas\/contato\/\" \/>\n<meta property=\"og:locale\" content=\"pt_BR\" \/>\n<meta property=\"og:type\" content=\"article\" \/>\n<meta property=\"og:title\" content=\"Contato - UNIVERSITAS &amp; DIREITO | PUCPR\" \/>\n<meta property=\"og:description\" content=\"Em caso de d\u00favidas e para maiores esclarecimentos entre em contato conosco diretamente pelo e-mail: contato.universitas@pucpr.br\" \/>\n<meta property=\"og:url\" content=\"https:\/\/sites.pucpr.br\/universitas\/contato\/\" \/>\n<meta property=\"og:site_name\" content=\"UNIVERSITAS &amp; DIREITO | PUCPR\" \/>\n<meta property=\"article:modified_time\" content=\"2025-10-21T15:01:13+00:00\" \/>\n<meta name=\"twitter:card\" content=\"summary_large_image\" \/>\n<script type=\"application\/ld+json\" class=\"yoast-schema-graph\">{\"@context\":\"https:\/\/schema.org\",\"@graph\":[{\"@type\":\"WebSite\",\"@id\":\"https:\/\/sites.pucpr.br\/universitas\/#website\",\"url\":\"https:\/\/sites.pucpr.br\/universitas\/\",\"name\":\"UNIVERSITAS &amp; DIREITO | PUCPR\",\"description\":\"O UNIVERSITAS &amp; DIREITO \u00e9 o evento de divulga\u00e7\u00e3o do conhecimento e integra\u00e7\u00e3o acad\u00eamica entre gradua\u00e7\u00e3o e p\u00f3s-gradua\u00e7\u00e3o e desenvolvimento de pesquisa e extens\u00e3o promovido pela Escola de Direito \u2013 Campus Curitiba \u2013 da PUCPR.\",\"potentialAction\":[{\"@type\":\"SearchAction\",\"target\":{\"@type\":\"EntryPoint\",\"urlTemplate\":\"https:\/\/sites.pucpr.br\/universitas\/?s={search_term_string}\"},\"query-input\":\"required name=search_term_string\"}],\"inLanguage\":\"pt-BR\"},{\"@type\":\"WebPage\",\"@id\":\"https:\/\/sites.pucpr.br\/universitas\/contato\/#webpage\",\"url\":\"https:\/\/sites.pucpr.br\/universitas\/contato\/\",\"name\":\"Contato - UNIVERSITAS &amp; DIREITO | PUCPR\",\"isPartOf\":{\"@id\":\"https:\/\/sites.pucpr.br\/universitas\/#website\"},\"datePublished\":\"2021-10-15T14:26:24+00:00\",\"dateModified\":\"2025-10-21T15:01:13+00:00\",\"breadcrumb\":{\"@id\":\"https:\/\/sites.pucpr.br\/universitas\/contato\/#breadcrumb\"},\"inLanguage\":\"pt-BR\",\"potentialAction\":[{\"@type\":\"ReadAction\",\"target\":[\"https:\/\/sites.pucpr.br\/universitas\/contato\/\"]}]},{\"@type\":\"BreadcrumbList\",\"@id\":\"https:\/\/sites.pucpr.br\/universitas\/contato\/#breadcrumb\",\"itemListElement\":[{\"@type\":\"ListItem\",\"position\":1,\"name\":\"In\u00edcio\",\"item\":\"https:\/\/sites.pucpr.br\/universitas\/\"},{\"@type\":\"ListItem\",\"position\":2,\"name\":\"Contato\"}]}]}<\/script>\n<!-- \/ Yoast SEO plugin. -->","yoast_head_json":{"title":"Contato - UNIVERSITAS &amp; DIREITO | PUCPR","robots":{"index":"index","follow":"follow","max-snippet":"max-snippet:-1","max-image-preview":"max-image-preview:large","max-video-preview":"max-video-preview:-1"},"canonical":"https:\/\/sites.pucpr.br\/universitas\/contato\/","og_locale":"pt_BR","og_type":"article","og_title":"Contato - UNIVERSITAS &amp; DIREITO | PUCPR","og_description":"Em caso de d\u00favidas e para maiores esclarecimentos entre em contato conosco diretamente pelo e-mail: contato.universitas@pucpr.br","og_url":"https:\/\/sites.pucpr.br\/universitas\/contato\/","og_site_name":"UNIVERSITAS &amp; DIREITO | PUCPR","article_modified_time":"2025-10-21T15:01:13+00:00","twitter_card":"summary_large_image","schema":{"@context":"https:\/\/schema.org","@graph":[{"@type":"WebSite","@id":"https:\/\/sites.pucpr.br\/universitas\/#website","url":"https:\/\/sites.pucpr.br\/universitas\/","name":"UNIVERSITAS &amp; DIREITO | PUCPR","description":"O UNIVERSITAS &amp; DIREITO \u00e9 o evento de divulga\u00e7\u00e3o do conhecimento e integra\u00e7\u00e3o acad\u00eamica entre gradua\u00e7\u00e3o e p\u00f3s-gradua\u00e7\u00e3o e desenvolvimento de pesquisa e extens\u00e3o promovido pela Escola de Direito \u2013 Campus Curitiba \u2013 da PUCPR.","potentialAction":[{"@type":"SearchAction","target":{"@type":"EntryPoint","urlTemplate":"https:\/\/sites.pucpr.br\/universitas\/?s={search_term_string}"},"query-input":"required name=search_term_string"}],"inLanguage":"pt-BR"},{"@type":"WebPage","@id":"https:\/\/sites.pucpr.br\/universitas\/contato\/#webpage","url":"https:\/\/sites.pucpr.br\/universitas\/contato\/","name":"Contato - UNIVERSITAS &amp; DIREITO | PUCPR","isPartOf":{"@id":"https:\/\/sites.pucpr.br\/universitas\/#website"},"datePublished":"2021-10-15T14:26:24+00:00","dateModified":"2025-10-21T15:01:13+00:00","breadcrumb":{"@id":"https:\/\/sites.pucpr.br\/universitas\/contato\/#breadcrumb"},"inLanguage":"pt-BR","potentialAction":[{"@type":"ReadAction","target":["https:\/\/sites.pucpr.br\/universitas\/contato\/"]}]},{"@type":"BreadcrumbList","@id":"https:\/\/sites.pucpr.br\/universitas\/contato\/#breadcrumb","itemListElement":[{"@type":"ListItem","position":1,"name":"In\u00edcio","item":"https:\/\/sites.pucpr.br\/universitas\/"},{"@type":"ListItem","position":2,"name":"Contato"}]}]}},"_links":{"self":[{"href":"https:\/\/sites.pucpr.br\/universitas\/wp-json\/wp\/v2\/pages\/196"}],"collection":[{"href":"https:\/\/sites.pucpr.br\/universitas\/wp-json\/wp\/v2\/pages"}],"about":[{"href":"https:\/\/sites.pucpr.br\/universitas\/wp-json\/wp\/v2\/types\/page"}],"author":[{"embeddable":true,"href":"https:\/\/sites.pucpr.br\/universitas\/wp-json\/wp\/v2\/users\/2"}],"replies":[{"embeddable":true,"href":"https:\/\/sites.pucpr.br\/universitas\/wp-json\/wp\/v2\/comments?post=196"}],"version-history":[{"count":2,"href":"https:\/\/sites.pucpr.br\/universitas\/wp-json\/wp\/v2\/pages\/196\/revisions"}],"predecessor-version":[{"id":291,"href":"https:\/\/sites.pucpr.br\/universitas\/wp-json\/wp\/v2\/pages\/196\/revisions\/291"}],"wp:attachment":[{"href":"https:\/\/sites.pucpr.br\/universitas\/wp-json\/wp\/v2\/media?parent=196"}],"curies":[{"name":"wp","href":"https:\/\/api.w.org\/{rel}","templated":true}]}}