{"id":2,"date":"2022-11-18T11:01:08","date_gmt":"2022-11-18T14:01:08","guid":{"rendered":"https:\/\/sites.pucpr.br\/tecpuc\/?page_id=2"},"modified":"2022-12-14T14:37:07","modified_gmt":"2022-12-14T17:37:07","slug":"pagina-inicial","status":"publish","type":"page","link":"https:\/\/sites.pucpr.br\/tecpuc\/","title":{"rendered":"P\u00e1gina Inicial"},"content":{"rendered":"","protected":false},"excerpt":{"rendered":"","protected":false},"author":2,"featured_media":0,"parent":0,"menu_order":0,"comment_status":"closed","ping_status":"open","template":"","meta":[],"yoast_head":"<!-- This site is optimized with the Yoast SEO plugin v18.4.1 - https:\/\/yoast.com\/wordpress\/plugins\/seo\/ -->\n<title>P\u00e1gina Inicial - TECPUC | PUCPR<\/title>\n<meta name=\"description\" content=\"Conhe\u00e7a os cursos profissionalizantes, cursos in company e cursos t\u00e9cnicos da TECPUC. Institui\u00e7\u00e3o de Ensino T\u00e9cnico e Ensino M\u00e9dio Integrado ao Grupo Marista.\" \/>\n<meta name=\"robots\" content=\"noindex, follow, max-snippet:-1, max-image-preview:large, max-video-preview:-1\" \/>\n<meta property=\"og:locale\" content=\"pt_BR\" \/>\n<meta property=\"og:type\" content=\"article\" \/>\n<meta property=\"og:title\" content=\"P\u00e1gina Inicial - TECPUC | PUCPR\" \/>\n<meta property=\"og:description\" content=\"Conhe\u00e7a os cursos profissionalizantes, cursos in company e cursos t\u00e9cnicos da TECPUC. Institui\u00e7\u00e3o de Ensino T\u00e9cnico e Ensino M\u00e9dio Integrado ao Grupo Marista.\" \/>\n<meta property=\"og:url\" content=\"https:\/\/www.tecpuc.com.br\/\" \/>\n<meta property=\"og:site_name\" content=\"TECPUC | PUCPR\" \/>\n<meta property=\"article:publisher\" content=\"https:\/\/www.facebook.com\/TECPUC\" \/>\n<meta property=\"article:modified_time\" content=\"2022-12-14T17:37:07+00:00\" \/>\n<meta property=\"og:image\" content=\"https:\/\/sites.pucpr.br\/tecpuc\/wp-content\/uploads\/sites\/48\/2022\/11\/PUCPR_brasao.png\" \/>\n\t<meta property=\"og:image:width\" content=\"2560\" \/>\n\t<meta property=\"og:image:height\" content=\"2560\" \/>\n\t<meta property=\"og:image:type\" content=\"image\/png\" \/>\n<meta name=\"twitter:card\" content=\"summary_large_image\" \/>\n<script type=\"application\/ld+json\" class=\"yoast-schema-graph\">{\"@context\":\"https:\/\/schema.org\",\"@graph\":[{\"@type\":\"Organization\",\"@id\":\"https:\/\/sites.pucpr.br\/tecpuc\/#organization\",\"name\":\"PUCPR - Pontif\u00edcia Universidade Cat\u00f3lica do Paran\u00e1\",\"url\":\"https:\/\/sites.pucpr.br\/tecpuc\/\",\"sameAs\":[\"https:\/\/www.facebook.com\/TECPUC\",\"https:\/\/www.youtube.com\/channel\/UC2ui3AO82QnjqNSoq0YFmTQ\/videos\"],\"logo\":{\"@type\":\"ImageObject\",\"@id\":\"https:\/\/sites.pucpr.br\/tecpuc\/#logo\",\"inLanguage\":\"pt-BR\",\"url\":\"https:\/\/sites.pucpr.br\/tecpuc\/wp-content\/uploads\/sites\/48\/2022\/11\/PUCPR_brasao.png\",\"contentUrl\":\"https:\/\/sites.pucpr.br\/tecpuc\/wp-content\/uploads\/sites\/48\/2022\/11\/PUCPR_brasao.png\",\"width\":2560,\"height\":2560,\"caption\":\"PUCPR - Pontif\u00edcia Universidade Cat\u00f3lica do Paran\u00e1\"},\"image\":{\"@id\":\"https:\/\/sites.pucpr.br\/tecpuc\/#logo\"}},{\"@type\":\"WebSite\",\"@id\":\"https:\/\/sites.pucpr.br\/tecpuc\/#website\",\"url\":\"https:\/\/sites.pucpr.br\/tecpuc\/\",\"name\":\"TECPUC | PUCPR\",\"description\":\"Navegue pelos segmentos de cursos para saber mais.\",\"publisher\":{\"@id\":\"https:\/\/sites.pucpr.br\/tecpuc\/#organization\"},\"potentialAction\":[{\"@type\":\"SearchAction\",\"target\":{\"@type\":\"EntryPoint\",\"urlTemplate\":\"https:\/\/sites.pucpr.br\/tecpuc\/?s={search_term_string}\"},\"query-input\":\"required name=search_term_string\"}],\"inLanguage\":\"pt-BR\"},{\"@type\":\"WebPage\",\"@id\":\"https:\/\/www.tecpuc.com.br\/#webpage\",\"url\":\"https:\/\/www.tecpuc.com.br\/\",\"name\":\"P\u00e1gina Inicial - TECPUC | PUCPR\",\"isPartOf\":{\"@id\":\"https:\/\/sites.pucpr.br\/tecpuc\/#website\"},\"datePublished\":\"2022-11-18T14:01:08+00:00\",\"dateModified\":\"2022-12-14T17:37:07+00:00\",\"description\":\"Conhe\u00e7a os cursos profissionalizantes, cursos in company e cursos t\u00e9cnicos da TECPUC. Institui\u00e7\u00e3o de Ensino T\u00e9cnico e Ensino M\u00e9dio Integrado ao Grupo Marista.\",\"breadcrumb\":{\"@id\":\"https:\/\/www.tecpuc.com.br\/#breadcrumb\"},\"inLanguage\":\"pt-BR\",\"potentialAction\":[{\"@type\":\"ReadAction\",\"target\":[\"https:\/\/www.tecpuc.com.br\/\"]}]},{\"@type\":\"BreadcrumbList\",\"@id\":\"https:\/\/www.tecpuc.com.br\/#breadcrumb\",\"itemListElement\":[{\"@type\":\"ListItem\",\"position\":1,\"name\":\"In\u00edcio\",\"item\":\"https:\/\/sites.pucpr.br\/tecpuc\/\"},{\"@type\":\"ListItem\",\"position\":2,\"name\":\"P\u00e1gina Inicial\"}]}]}<\/script>\n<!-- \/ Yoast SEO plugin. -->","yoast_head_json":{"title":"P\u00e1gina Inicial - TECPUC | PUCPR","description":"Conhe\u00e7a os cursos profissionalizantes, cursos in company e cursos t\u00e9cnicos da TECPUC. Institui\u00e7\u00e3o de Ensino T\u00e9cnico e Ensino M\u00e9dio Integrado ao Grupo Marista.","robots":{"index":"noindex","follow":"follow","max-snippet":"max-snippet:-1","max-image-preview":"max-image-preview:large","max-video-preview":"max-video-preview:-1"},"og_locale":"pt_BR","og_type":"article","og_title":"P\u00e1gina Inicial - TECPUC | PUCPR","og_description":"Conhe\u00e7a os cursos profissionalizantes, cursos in company e cursos t\u00e9cnicos da TECPUC. Institui\u00e7\u00e3o de Ensino T\u00e9cnico e Ensino M\u00e9dio Integrado ao Grupo Marista.","og_url":"https:\/\/www.tecpuc.com.br\/","og_site_name":"TECPUC | PUCPR","article_publisher":"https:\/\/www.facebook.com\/TECPUC","article_modified_time":"2022-12-14T17:37:07+00:00","og_image":[{"width":2560,"height":2560,"url":"https:\/\/sites.pucpr.br\/tecpuc\/wp-content\/uploads\/sites\/48\/2022\/11\/PUCPR_brasao.png","type":"image\/png"}],"twitter_card":"summary_large_image","schema":{"@context":"https:\/\/schema.org","@graph":[{"@type":"Organization","@id":"https:\/\/sites.pucpr.br\/tecpuc\/#organization","name":"PUCPR - Pontif\u00edcia Universidade Cat\u00f3lica do Paran\u00e1","url":"https:\/\/sites.pucpr.br\/tecpuc\/","sameAs":["https:\/\/www.facebook.com\/TECPUC","https:\/\/www.youtube.com\/channel\/UC2ui3AO82QnjqNSoq0YFmTQ\/videos"],"logo":{"@type":"ImageObject","@id":"https:\/\/sites.pucpr.br\/tecpuc\/#logo","inLanguage":"pt-BR","url":"https:\/\/sites.pucpr.br\/tecpuc\/wp-content\/uploads\/sites\/48\/2022\/11\/PUCPR_brasao.png","contentUrl":"https:\/\/sites.pucpr.br\/tecpuc\/wp-content\/uploads\/sites\/48\/2022\/11\/PUCPR_brasao.png","width":2560,"height":2560,"caption":"PUCPR - Pontif\u00edcia Universidade Cat\u00f3lica do Paran\u00e1"},"image":{"@id":"https:\/\/sites.pucpr.br\/tecpuc\/#logo"}},{"@type":"WebSite","@id":"https:\/\/sites.pucpr.br\/tecpuc\/#website","url":"https:\/\/sites.pucpr.br\/tecpuc\/","name":"TECPUC | PUCPR","description":"Navegue pelos segmentos de cursos para saber mais.","publisher":{"@id":"https:\/\/sites.pucpr.br\/tecpuc\/#organization"},"potentialAction":[{"@type":"SearchAction","target":{"@type":"EntryPoint","urlTemplate":"https:\/\/sites.pucpr.br\/tecpuc\/?s={search_term_string}"},"query-input":"required name=search_term_string"}],"inLanguage":"pt-BR"},{"@type":"WebPage","@id":"https:\/\/www.tecpuc.com.br\/#webpage","url":"https:\/\/www.tecpuc.com.br\/","name":"P\u00e1gina Inicial - TECPUC | PUCPR","isPartOf":{"@id":"https:\/\/sites.pucpr.br\/tecpuc\/#website"},"datePublished":"2022-11-18T14:01:08+00:00","dateModified":"2022-12-14T17:37:07+00:00","description":"Conhe\u00e7a os cursos profissionalizantes, cursos in company e cursos t\u00e9cnicos da TECPUC. Institui\u00e7\u00e3o de Ensino T\u00e9cnico e Ensino M\u00e9dio Integrado ao Grupo Marista.","breadcrumb":{"@id":"https:\/\/www.tecpuc.com.br\/#breadcrumb"},"inLanguage":"pt-BR","potentialAction":[{"@type":"ReadAction","target":["https:\/\/www.tecpuc.com.br\/"]}]},{"@type":"BreadcrumbList","@id":"https:\/\/www.tecpuc.com.br\/#breadcrumb","itemListElement":[{"@type":"ListItem","position":1,"name":"In\u00edcio","item":"https:\/\/sites.pucpr.br\/tecpuc\/"},{"@type":"ListItem","position":2,"name":"P\u00e1gina Inicial"}]}]}},"acf":[],"_links":{"self":[{"href":"https:\/\/sites.pucpr.br\/tecpuc\/wp-json\/wp\/v2\/pages\/2"}],"collection":[{"href":"https:\/\/sites.pucpr.br\/tecpuc\/wp-json\/wp\/v2\/pages"}],"about":[{"href":"https:\/\/sites.pucpr.br\/tecpuc\/wp-json\/wp\/v2\/types\/page"}],"author":[{"embeddable":true,"href":"https:\/\/sites.pucpr.br\/tecpuc\/wp-json\/wp\/v2\/users\/2"}],"replies":[{"embeddable":true,"href":"https:\/\/sites.pucpr.br\/tecpuc\/wp-json\/wp\/v2\/comments?post=2"}],"version-history":[{"count":1,"href":"https:\/\/sites.pucpr.br\/tecpuc\/wp-json\/wp\/v2\/pages\/2\/revisions"}],"predecessor-version":[{"id":48,"href":"https:\/\/sites.pucpr.br\/tecpuc\/wp-json\/wp\/v2\/pages\/2\/revisions\/48"}],"wp:attachment":[{"href":"https:\/\/sites.pucpr.br\/tecpuc\/wp-json\/wp\/v2\/media?parent=2"}],"curies":[{"name":"wp","href":"https:\/\/api.w.org\/{rel}","templated":true}]}}