{"id":254,"date":"2022-08-23T10:58:44","date_gmt":"2022-08-23T13:58:44","guid":{"rendered":"https:\/\/sites.pucpr.br\/empresas\/?page_id=254"},"modified":"2022-08-23T10:58:46","modified_gmt":"2022-08-23T13:58:46","slug":"sou-empresa","status":"publish","type":"page","link":"https:\/\/sites.pucpr.br\/subsidioempresa\/sou-empresa\/","title":{"rendered":"Sou Empresa"},"content":{"rendered":"","protected":false},"excerpt":{"rendered":"","protected":false},"author":2,"featured_media":0,"parent":0,"menu_order":0,"comment_status":"closed","ping_status":"closed","template":"","meta":[],"yoast_head":"<!-- This site is optimized with the Yoast SEO plugin v18.4.1 - https:\/\/yoast.com\/wordpress\/plugins\/seo\/ -->\n<title>Sou Empresa - Subs\u00eddio Empresa - PUCPR<\/title>\n<meta name=\"description\" content=\"Proporcione a experi\u00eancia de ensino de uma das melhores Universidades do Brasil aos seus colaboradores e gere valor para o seu neg\u00f3cio!\" \/>\n<meta name=\"robots\" content=\"index, follow, max-snippet:-1, max-image-preview:large, max-video-preview:-1\" \/>\n<link rel=\"canonical\" href=\"https:\/\/sites.pucpr.br\/subsidioempresa\/sou-empresa\/\" \/>\n<meta property=\"og:locale\" content=\"pt_BR\" \/>\n<meta property=\"og:type\" content=\"article\" \/>\n<meta property=\"og:title\" content=\"Sou Empresa - Subs\u00eddio Empresa - PUCPR\" \/>\n<meta property=\"og:description\" content=\"Proporcione a experi\u00eancia de ensino de uma das melhores Universidades do Brasil aos seus colaboradores e gere valor para o seu neg\u00f3cio!\" \/>\n<meta property=\"og:url\" content=\"https:\/\/sites.pucpr.br\/subsidioempresa\/sou-empresa\/\" \/>\n<meta property=\"og:site_name\" content=\"Subs\u00eddio Empresa - PUCPR\" \/>\n<meta property=\"article:modified_time\" content=\"2022-08-23T13:58:46+00:00\" \/>\n<meta name=\"twitter:card\" content=\"summary_large_image\" \/>\n<script type=\"application\/ld+json\" class=\"yoast-schema-graph\">{\"@context\":\"https:\/\/schema.org\",\"@graph\":[{\"@type\":\"WebSite\",\"@id\":\"https:\/\/sites.pucpr.br\/subsidioempresa\/#website\",\"url\":\"https:\/\/sites.pucpr.br\/subsidioempresa\/\",\"name\":\"Subs\u00eddio Empresa - PUCPR\",\"description\":\"Impulsione os talentos da sua empresa com bolsas e benef\u00edcios da PUCPR!\",\"potentialAction\":[{\"@type\":\"SearchAction\",\"target\":{\"@type\":\"EntryPoint\",\"urlTemplate\":\"https:\/\/sites.pucpr.br\/subsidioempresa\/?s={search_term_string}\"},\"query-input\":\"required name=search_term_string\"}],\"inLanguage\":\"pt-BR\"},{\"@type\":\"WebPage\",\"@id\":\"https:\/\/sites.pucpr.br\/subsidioempresa\/sou-empresa\/#webpage\",\"url\":\"https:\/\/sites.pucpr.br\/subsidioempresa\/sou-empresa\/\",\"name\":\"Sou Empresa - Subs\u00eddio Empresa - PUCPR\",\"isPartOf\":{\"@id\":\"https:\/\/sites.pucpr.br\/subsidioempresa\/#website\"},\"datePublished\":\"2022-08-23T13:58:44+00:00\",\"dateModified\":\"2022-08-23T13:58:46+00:00\",\"description\":\"Proporcione a experi\u00eancia de ensino de uma das melhores Universidades do Brasil aos seus colaboradores e gere valor para o seu neg\u00f3cio!\",\"breadcrumb\":{\"@id\":\"https:\/\/sites.pucpr.br\/subsidioempresa\/sou-empresa\/#breadcrumb\"},\"inLanguage\":\"pt-BR\",\"potentialAction\":[{\"@type\":\"ReadAction\",\"target\":[\"https:\/\/sites.pucpr.br\/subsidioempresa\/sou-empresa\/\"]}]},{\"@type\":\"BreadcrumbList\",\"@id\":\"https:\/\/sites.pucpr.br\/subsidioempresa\/sou-empresa\/#breadcrumb\",\"itemListElement\":[{\"@type\":\"ListItem\",\"position\":1,\"name\":\"In\u00edcio\",\"item\":\"https:\/\/sites.pucpr.br\/subsidioempresa\/\"},{\"@type\":\"ListItem\",\"position\":2,\"name\":\"Sou Empresa\"}]}]}<\/script>\n<!-- \/ Yoast SEO plugin. -->","yoast_head_json":{"title":"Sou Empresa - Subs\u00eddio Empresa - PUCPR","description":"Proporcione a experi\u00eancia de ensino de uma das melhores Universidades do Brasil aos seus colaboradores e gere valor para o seu neg\u00f3cio!","robots":{"index":"index","follow":"follow","max-snippet":"max-snippet:-1","max-image-preview":"max-image-preview:large","max-video-preview":"max-video-preview:-1"},"canonical":"https:\/\/sites.pucpr.br\/subsidioempresa\/sou-empresa\/","og_locale":"pt_BR","og_type":"article","og_title":"Sou Empresa - Subs\u00eddio Empresa - PUCPR","og_description":"Proporcione a experi\u00eancia de ensino de uma das melhores Universidades do Brasil aos seus colaboradores e gere valor para o seu neg\u00f3cio!","og_url":"https:\/\/sites.pucpr.br\/subsidioempresa\/sou-empresa\/","og_site_name":"Subs\u00eddio Empresa - PUCPR","article_modified_time":"2022-08-23T13:58:46+00:00","twitter_card":"summary_large_image","schema":{"@context":"https:\/\/schema.org","@graph":[{"@type":"WebSite","@id":"https:\/\/sites.pucpr.br\/subsidioempresa\/#website","url":"https:\/\/sites.pucpr.br\/subsidioempresa\/","name":"Subs\u00eddio Empresa - PUCPR","description":"Impulsione os talentos da sua empresa com bolsas e benef\u00edcios da PUCPR!","potentialAction":[{"@type":"SearchAction","target":{"@type":"EntryPoint","urlTemplate":"https:\/\/sites.pucpr.br\/subsidioempresa\/?s={search_term_string}"},"query-input":"required name=search_term_string"}],"inLanguage":"pt-BR"},{"@type":"WebPage","@id":"https:\/\/sites.pucpr.br\/subsidioempresa\/sou-empresa\/#webpage","url":"https:\/\/sites.pucpr.br\/subsidioempresa\/sou-empresa\/","name":"Sou Empresa - Subs\u00eddio Empresa - PUCPR","isPartOf":{"@id":"https:\/\/sites.pucpr.br\/subsidioempresa\/#website"},"datePublished":"2022-08-23T13:58:44+00:00","dateModified":"2022-08-23T13:58:46+00:00","description":"Proporcione a experi\u00eancia de ensino de uma das melhores Universidades do Brasil aos seus colaboradores e gere valor para o seu neg\u00f3cio!","breadcrumb":{"@id":"https:\/\/sites.pucpr.br\/subsidioempresa\/sou-empresa\/#breadcrumb"},"inLanguage":"pt-BR","potentialAction":[{"@type":"ReadAction","target":["https:\/\/sites.pucpr.br\/subsidioempresa\/sou-empresa\/"]}]},{"@type":"BreadcrumbList","@id":"https:\/\/sites.pucpr.br\/subsidioempresa\/sou-empresa\/#breadcrumb","itemListElement":[{"@type":"ListItem","position":1,"name":"In\u00edcio","item":"https:\/\/sites.pucpr.br\/subsidioempresa\/"},{"@type":"ListItem","position":2,"name":"Sou Empresa"}]}]}},"acf":[],"_links":{"self":[{"href":"https:\/\/sites.pucpr.br\/subsidioempresa\/wp-json\/wp\/v2\/pages\/254"}],"collection":[{"href":"https:\/\/sites.pucpr.br\/subsidioempresa\/wp-json\/wp\/v2\/pages"}],"about":[{"href":"https:\/\/sites.pucpr.br\/subsidioempresa\/wp-json\/wp\/v2\/types\/page"}],"author":[{"embeddable":true,"href":"https:\/\/sites.pucpr.br\/subsidioempresa\/wp-json\/wp\/v2\/users\/2"}],"replies":[{"embeddable":true,"href":"https:\/\/sites.pucpr.br\/subsidioempresa\/wp-json\/wp\/v2\/comments?post=254"}],"version-history":[{"count":1,"href":"https:\/\/sites.pucpr.br\/subsidioempresa\/wp-json\/wp\/v2\/pages\/254\/revisions"}],"predecessor-version":[{"id":256,"href":"https:\/\/sites.pucpr.br\/subsidioempresa\/wp-json\/wp\/v2\/pages\/254\/revisions\/256"}],"wp:attachment":[{"href":"https:\/\/sites.pucpr.br\/subsidioempresa\/wp-json\/wp\/v2\/media?parent=254"}],"curies":[{"name":"wp","href":"https:\/\/api.w.org\/{rel}","templated":true}]}}