{"id":2,"date":"2023-07-14T09:23:05","date_gmt":"2023-07-14T12:23:05","guid":{"rendered":"https:\/\/sites.pucpr.br\/spin\/?page_id=2"},"modified":"2023-07-18T14:33:50","modified_gmt":"2023-07-18T17:33:50","slug":"spin","status":"publish","type":"page","link":"https:\/\/sites.pucpr.br\/spin\/","title":{"rendered":"Spin"},"content":{"rendered":"\n<blockquote class=\"wp-block-quote\">\n<p>Para celebrar as conquistas, relembrar os obst\u00e1culos e discutir os avan\u00e7os da internacionaliza\u00e7\u00e3o da PUCPR ao longo dos anos, o\u00a0<strong>Simp\u00f3sio PUCPR de Internacionaliza\u00e7\u00e3o (SPIn)<\/strong>\u00a0chega em sua 10\u00aa edi\u00e7\u00e3o. Neste ano, o\u00a0<strong>SPIn\u00a0<\/strong>traz como discuss\u00e3o central os desafios do ontem, hoje e amanh\u00e3 na internacionaliza\u00e7\u00e3o da nossa Universidade e do ensino superior, com debates e reflex\u00f5es sobre o tema a partir da experi\u00eancia da PUCPR.<\/p>\n<\/blockquote>\n\n\n\n<p><\/p>\n","protected":false},"excerpt":{"rendered":"<p>Para celebrar as conquistas, relembrar os obst\u00e1culos e discutir os avan\u00e7os da internacionaliza\u00e7\u00e3o da PUCPR ao longo dos anos, o\u00a0Simp\u00f3sio PUCPR de Internacionaliza\u00e7\u00e3o (SPIn)\u00a0chega em sua 10\u00aa edi\u00e7\u00e3o. Neste ano, o\u00a0SPIn\u00a0traz como discuss\u00e3o central os desafios do ontem, hoje e amanh\u00e3 na internacionaliza\u00e7\u00e3o da nossa Universidade e do ensino superior, com debates e reflex\u00f5es sobre [&hellip;]<\/p>\n","protected":false},"author":1,"featured_media":0,"parent":0,"menu_order":0,"comment_status":"closed","ping_status":"closed","template":"","meta":[],"yoast_head":"<!-- This site is optimized with the Yoast SEO plugin v18.4.1 - https:\/\/yoast.com\/wordpress\/plugins\/seo\/ -->\n<title>X Simp\u00f3sio PUCPR de Internacionaliza\u00e7\u00e3o (SPIn - 2023))<\/title>\n<meta name=\"description\" content=\"Para celebrar as conquistas, relembrar os obst\u00e1culos e discutir os avan\u00e7os da internacionaliza\u00e7\u00e3o da PUCPR ao longo dos anos, o Simp\u00f3sio PUCPR de Internacionaliza\u00e7\u00e3o (SPIn) chega em sua 10\u00aa edi\u00e7\u00e3o.\" \/>\n<meta name=\"robots\" content=\"index, follow, max-snippet:-1, max-image-preview:large, max-video-preview:-1\" \/>\n<link rel=\"canonical\" href=\"https:\/\/sites.pucpr.br\/spin\/\" \/>\n<meta property=\"og:locale\" content=\"pt_BR\" \/>\n<meta property=\"og:type\" content=\"article\" \/>\n<meta property=\"og:title\" content=\"X Simp\u00f3sio PUCPR de Internacionaliza\u00e7\u00e3o (SPIn - 2023))\" \/>\n<meta property=\"og:description\" content=\"Para celebrar as conquistas, relembrar os obst\u00e1culos e discutir os avan\u00e7os da internacionaliza\u00e7\u00e3o da PUCPR ao longo dos anos, o Simp\u00f3sio PUCPR de Internacionaliza\u00e7\u00e3o (SPIn) chega em sua 10\u00aa edi\u00e7\u00e3o.\" \/>\n<meta property=\"og:url\" content=\"https:\/\/sites.pucpr.br\/spin\/\" \/>\n<meta property=\"og:site_name\" content=\"X Simp\u00f3sio PUCPR de Internacionaliza\u00e7\u00e3o (SPIn - 2023))\" \/>\n<meta property=\"article:modified_time\" content=\"2023-07-18T17:33:50+00:00\" \/>\n<meta name=\"twitter:card\" content=\"summary_large_image\" \/>\n<script type=\"application\/ld+json\" class=\"yoast-schema-graph\">{\"@context\":\"https:\/\/schema.org\",\"@graph\":[{\"@type\":\"WebSite\",\"@id\":\"https:\/\/sites.pucpr.br\/spin\/#website\",\"url\":\"https:\/\/sites.pucpr.br\/spin\/\",\"name\":\"X Simp\u00f3sio PUCPR de Internacionaliza\u00e7\u00e3o (SPIn - 2023))\",\"description\":\"Para celebrar as conquistas, relembrar os obst\u00e1culos e discutir os avan\u00e7os da internacionaliza\u00e7\u00e3o da PUCPR ao longo dos anos, o Simp\u00f3sio PUCPR de Internacionaliza\u00e7\u00e3o (SPIn) chega em sua 10\u00aa edi\u00e7\u00e3o. Neste ano, o SPIn traz como discuss\u00e3o central os desafios do ontem, hoje e amanh\u00e3 na internacionaliza\u00e7\u00e3o da nossa Universidade e do ensino superior, com debates e reflex\u00f5es sobre o tema a partir da experi\u00eancia da PUCPR.\",\"potentialAction\":[{\"@type\":\"SearchAction\",\"target\":{\"@type\":\"EntryPoint\",\"urlTemplate\":\"https:\/\/sites.pucpr.br\/spin\/?s={search_term_string}\"},\"query-input\":\"required name=search_term_string\"}],\"inLanguage\":\"pt-BR\"},{\"@type\":\"WebPage\",\"@id\":\"https:\/\/sites.pucpr.br\/spin\/#webpage\",\"url\":\"https:\/\/sites.pucpr.br\/spin\/\",\"name\":\"X Simp\u00f3sio PUCPR de Internacionaliza\u00e7\u00e3o (SPIn - 2023))\",\"isPartOf\":{\"@id\":\"https:\/\/sites.pucpr.br\/spin\/#website\"},\"datePublished\":\"2023-07-14T12:23:05+00:00\",\"dateModified\":\"2023-07-18T17:33:50+00:00\",\"description\":\"Para celebrar as conquistas, relembrar os obst\u00e1culos e discutir os avan\u00e7os da internacionaliza\u00e7\u00e3o da PUCPR ao longo dos anos, o Simp\u00f3sio PUCPR de Internacionaliza\u00e7\u00e3o (SPIn) chega em sua 10\u00aa edi\u00e7\u00e3o.\",\"breadcrumb\":{\"@id\":\"https:\/\/sites.pucpr.br\/spin\/#breadcrumb\"},\"inLanguage\":\"pt-BR\",\"potentialAction\":[{\"@type\":\"ReadAction\",\"target\":[\"https:\/\/sites.pucpr.br\/spin\/\"]}]},{\"@type\":\"BreadcrumbList\",\"@id\":\"https:\/\/sites.pucpr.br\/spin\/#breadcrumb\",\"itemListElement\":[{\"@type\":\"ListItem\",\"position\":1,\"name\":\"In\u00edcio\",\"item\":\"https:\/\/sites.pucpr.br\/spin\/\"},{\"@type\":\"ListItem\",\"position\":2,\"name\":\"Spin\"}]}]}<\/script>\n<!-- \/ Yoast SEO plugin. -->","yoast_head_json":{"title":"X Simp\u00f3sio PUCPR de Internacionaliza\u00e7\u00e3o (SPIn - 2023))","description":"Para celebrar as conquistas, relembrar os obst\u00e1culos e discutir os avan\u00e7os da internacionaliza\u00e7\u00e3o da PUCPR ao longo dos anos, o Simp\u00f3sio PUCPR de Internacionaliza\u00e7\u00e3o (SPIn) chega em sua 10\u00aa edi\u00e7\u00e3o.","robots":{"index":"index","follow":"follow","max-snippet":"max-snippet:-1","max-image-preview":"max-image-preview:large","max-video-preview":"max-video-preview:-1"},"canonical":"https:\/\/sites.pucpr.br\/spin\/","og_locale":"pt_BR","og_type":"article","og_title":"X Simp\u00f3sio PUCPR de Internacionaliza\u00e7\u00e3o (SPIn - 2023))","og_description":"Para celebrar as conquistas, relembrar os obst\u00e1culos e discutir os avan\u00e7os da internacionaliza\u00e7\u00e3o da PUCPR ao longo dos anos, o Simp\u00f3sio PUCPR de Internacionaliza\u00e7\u00e3o (SPIn) chega em sua 10\u00aa edi\u00e7\u00e3o.","og_url":"https:\/\/sites.pucpr.br\/spin\/","og_site_name":"X Simp\u00f3sio PUCPR de Internacionaliza\u00e7\u00e3o (SPIn - 2023))","article_modified_time":"2023-07-18T17:33:50+00:00","twitter_card":"summary_large_image","schema":{"@context":"https:\/\/schema.org","@graph":[{"@type":"WebSite","@id":"https:\/\/sites.pucpr.br\/spin\/#website","url":"https:\/\/sites.pucpr.br\/spin\/","name":"X Simp\u00f3sio PUCPR de Internacionaliza\u00e7\u00e3o (SPIn - 2023))","description":"Para celebrar as conquistas, relembrar os obst\u00e1culos e discutir os avan\u00e7os da internacionaliza\u00e7\u00e3o da PUCPR ao longo dos anos, o Simp\u00f3sio PUCPR de Internacionaliza\u00e7\u00e3o (SPIn) chega em sua 10\u00aa edi\u00e7\u00e3o. Neste ano, o SPIn traz como discuss\u00e3o central os desafios do ontem, hoje e amanh\u00e3 na internacionaliza\u00e7\u00e3o da nossa Universidade e do ensino superior, com debates e reflex\u00f5es sobre o tema a partir da experi\u00eancia da PUCPR.","potentialAction":[{"@type":"SearchAction","target":{"@type":"EntryPoint","urlTemplate":"https:\/\/sites.pucpr.br\/spin\/?s={search_term_string}"},"query-input":"required name=search_term_string"}],"inLanguage":"pt-BR"},{"@type":"WebPage","@id":"https:\/\/sites.pucpr.br\/spin\/#webpage","url":"https:\/\/sites.pucpr.br\/spin\/","name":"X Simp\u00f3sio PUCPR de Internacionaliza\u00e7\u00e3o (SPIn - 2023))","isPartOf":{"@id":"https:\/\/sites.pucpr.br\/spin\/#website"},"datePublished":"2023-07-14T12:23:05+00:00","dateModified":"2023-07-18T17:33:50+00:00","description":"Para celebrar as conquistas, relembrar os obst\u00e1culos e discutir os avan\u00e7os da internacionaliza\u00e7\u00e3o da PUCPR ao longo dos anos, o Simp\u00f3sio PUCPR de Internacionaliza\u00e7\u00e3o (SPIn) chega em sua 10\u00aa edi\u00e7\u00e3o.","breadcrumb":{"@id":"https:\/\/sites.pucpr.br\/spin\/#breadcrumb"},"inLanguage":"pt-BR","potentialAction":[{"@type":"ReadAction","target":["https:\/\/sites.pucpr.br\/spin\/"]}]},{"@type":"BreadcrumbList","@id":"https:\/\/sites.pucpr.br\/spin\/#breadcrumb","itemListElement":[{"@type":"ListItem","position":1,"name":"In\u00edcio","item":"https:\/\/sites.pucpr.br\/spin\/"},{"@type":"ListItem","position":2,"name":"Spin"}]}]}},"_links":{"self":[{"href":"https:\/\/sites.pucpr.br\/spin\/wp-json\/wp\/v2\/pages\/2"}],"collection":[{"href":"https:\/\/sites.pucpr.br\/spin\/wp-json\/wp\/v2\/pages"}],"about":[{"href":"https:\/\/sites.pucpr.br\/spin\/wp-json\/wp\/v2\/types\/page"}],"author":[{"embeddable":true,"href":"https:\/\/sites.pucpr.br\/spin\/wp-json\/wp\/v2\/users\/1"}],"replies":[{"embeddable":true,"href":"https:\/\/sites.pucpr.br\/spin\/wp-json\/wp\/v2\/comments?post=2"}],"version-history":[{"count":3,"href":"https:\/\/sites.pucpr.br\/spin\/wp-json\/wp\/v2\/pages\/2\/revisions"}],"predecessor-version":[{"id":36,"href":"https:\/\/sites.pucpr.br\/spin\/wp-json\/wp\/v2\/pages\/2\/revisions\/36"}],"wp:attachment":[{"href":"https:\/\/sites.pucpr.br\/spin\/wp-json\/wp\/v2\/media?parent=2"}],"curies":[{"name":"wp","href":"https:\/\/api.w.org\/{rel}","templated":true}]}}