{"id":540,"date":"2023-05-16T09:53:38","date_gmt":"2023-05-16T12:53:38","guid":{"rendered":"https:\/\/sites.pucpr.br\/cre\/?page_id=540"},"modified":"2023-08-31T15:00:55","modified_gmt":"2023-08-31T18:00:55","slug":"home","status":"publish","type":"page","link":"https:\/\/sites.pucpr.br\/realidadeestendida\/","title":{"rendered":"Home"},"content":{"rendered":"","protected":false},"excerpt":{"rendered":"","protected":false},"author":2,"featured_media":0,"parent":0,"menu_order":0,"comment_status":"open","ping_status":"closed","template":"","meta":[],"yoast_head":"<!-- This site is optimized with the Yoast SEO plugin v18.4.1 - https:\/\/yoast.com\/wordpress\/plugins\/seo\/ -->\n<title>Centro de Realidade Estendida | PUCPR<\/title>\n<meta name=\"description\" content=\"O Centro de Realidade Estendida da PUCPR \u00e9 para voc\u00ea, estudante, que gosta de experimentar, testar e explorar novas experi\u00eancias...\" \/>\n<meta name=\"robots\" content=\"index, follow, max-snippet:-1, max-image-preview:large, max-video-preview:-1\" \/>\n<link rel=\"canonical\" href=\"https:\/\/sites.pucpr.br\/realidadeestendida\/\" \/>\n<meta property=\"og:locale\" content=\"pt_BR\" \/>\n<meta property=\"og:type\" content=\"article\" \/>\n<meta property=\"og:title\" content=\"Centro de Realidade Estendida\" \/>\n<meta property=\"og:description\" content=\"O Centro de Realidade Estendida \u00e9 para voc\u00ea, estudante, que gosta de experimentar, testar e explorar novas experi\u00eancias, e agora deseja descobrir novas possibilidades no mundo virtual antes de aplicar ao mundo real.\" \/>\n<meta property=\"og:url\" content=\"https:\/\/sites.pucpr.br\/realidadeestendida\/\" \/>\n<meta property=\"og:site_name\" content=\"Centro de Realidade Estendida | PUCPR\" \/>\n<meta property=\"article:modified_time\" content=\"2023-08-31T18:00:55+00:00\" \/>\n<meta name=\"twitter:card\" content=\"summary_large_image\" \/>\n<meta name=\"twitter:title\" content=\"Centro de Realidade Estendida\" \/>\n<meta name=\"twitter:description\" content=\"O Centro de Realidade Estendida \u00e9 para voc\u00ea, estudante, que gosta de experimentar, testar e explorar novas experi\u00eancias, e agora deseja descobrir novas possibilidades no mundo virtual antes de aplicar ao mundo real.\" \/>\n<script type=\"application\/ld+json\" class=\"yoast-schema-graph\">{\"@context\":\"https:\/\/schema.org\",\"@graph\":[{\"@type\":\"WebSite\",\"@id\":\"https:\/\/sites.pucpr.br\/realidadeestendida\/#website\",\"url\":\"https:\/\/sites.pucpr.br\/realidadeestendida\/\",\"name\":\"Centro de Realidade Estendida | PUCPR\",\"description\":\"O Centro de Realidade Estendida da PUCPR \u00e9 para voc\u00ea, estudante, que gosta de experimentar, testar e explorar novas experi\u00eancias...\",\"potentialAction\":[{\"@type\":\"SearchAction\",\"target\":{\"@type\":\"EntryPoint\",\"urlTemplate\":\"https:\/\/sites.pucpr.br\/realidadeestendida\/?s={search_term_string}\"},\"query-input\":\"required name=search_term_string\"}],\"inLanguage\":\"pt-BR\"},{\"@type\":\"WebPage\",\"@id\":\"https:\/\/sites.pucpr.br\/realidadeestendida\/#webpage\",\"url\":\"https:\/\/sites.pucpr.br\/realidadeestendida\/\",\"name\":\"Centro de Realidade Estendida | PUCPR\",\"isPartOf\":{\"@id\":\"https:\/\/sites.pucpr.br\/realidadeestendida\/#website\"},\"datePublished\":\"2023-05-16T12:53:38+00:00\",\"dateModified\":\"2023-08-31T18:00:55+00:00\",\"description\":\"O Centro de Realidade Estendida da PUCPR \u00e9 para voc\u00ea, estudante, que gosta de experimentar, testar e explorar novas experi\u00eancias...\",\"breadcrumb\":{\"@id\":\"https:\/\/sites.pucpr.br\/realidadeestendida\/#breadcrumb\"},\"inLanguage\":\"pt-BR\",\"potentialAction\":[{\"@type\":\"ReadAction\",\"target\":[\"https:\/\/sites.pucpr.br\/realidadeestendida\/\"]}]},{\"@type\":\"BreadcrumbList\",\"@id\":\"https:\/\/sites.pucpr.br\/realidadeestendida\/#breadcrumb\",\"itemListElement\":[{\"@type\":\"ListItem\",\"position\":1,\"name\":\"In\u00edcio\",\"item\":\"https:\/\/sites.pucpr.br\/realidadeestendida\/\"},{\"@type\":\"ListItem\",\"position\":2,\"name\":\"Home\"}]}]}<\/script>\n<!-- \/ Yoast SEO plugin. -->","yoast_head_json":{"title":"Centro de Realidade Estendida | PUCPR","description":"O Centro de Realidade Estendida da PUCPR \u00e9 para voc\u00ea, estudante, que gosta de experimentar, testar e explorar novas experi\u00eancias...","robots":{"index":"index","follow":"follow","max-snippet":"max-snippet:-1","max-image-preview":"max-image-preview:large","max-video-preview":"max-video-preview:-1"},"canonical":"https:\/\/sites.pucpr.br\/realidadeestendida\/","og_locale":"pt_BR","og_type":"article","og_title":"Centro de Realidade Estendida","og_description":"O Centro de Realidade Estendida \u00e9 para voc\u00ea, estudante, que gosta de experimentar, testar e explorar novas experi\u00eancias, e agora deseja descobrir novas possibilidades no mundo virtual antes de aplicar ao mundo real.","og_url":"https:\/\/sites.pucpr.br\/realidadeestendida\/","og_site_name":"Centro de Realidade Estendida | PUCPR","article_modified_time":"2023-08-31T18:00:55+00:00","twitter_card":"summary_large_image","twitter_title":"Centro de Realidade Estendida","twitter_description":"O Centro de Realidade Estendida \u00e9 para voc\u00ea, estudante, que gosta de experimentar, testar e explorar novas experi\u00eancias, e agora deseja descobrir novas possibilidades no mundo virtual antes de aplicar ao mundo real.","schema":{"@context":"https:\/\/schema.org","@graph":[{"@type":"WebSite","@id":"https:\/\/sites.pucpr.br\/realidadeestendida\/#website","url":"https:\/\/sites.pucpr.br\/realidadeestendida\/","name":"Centro de Realidade Estendida | PUCPR","description":"O Centro de Realidade Estendida da PUCPR \u00e9 para voc\u00ea, estudante, que gosta de experimentar, testar e explorar novas experi\u00eancias...","potentialAction":[{"@type":"SearchAction","target":{"@type":"EntryPoint","urlTemplate":"https:\/\/sites.pucpr.br\/realidadeestendida\/?s={search_term_string}"},"query-input":"required name=search_term_string"}],"inLanguage":"pt-BR"},{"@type":"WebPage","@id":"https:\/\/sites.pucpr.br\/realidadeestendida\/#webpage","url":"https:\/\/sites.pucpr.br\/realidadeestendida\/","name":"Centro de Realidade Estendida | PUCPR","isPartOf":{"@id":"https:\/\/sites.pucpr.br\/realidadeestendida\/#website"},"datePublished":"2023-05-16T12:53:38+00:00","dateModified":"2023-08-31T18:00:55+00:00","description":"O Centro de Realidade Estendida da PUCPR \u00e9 para voc\u00ea, estudante, que gosta de experimentar, testar e explorar novas experi\u00eancias...","breadcrumb":{"@id":"https:\/\/sites.pucpr.br\/realidadeestendida\/#breadcrumb"},"inLanguage":"pt-BR","potentialAction":[{"@type":"ReadAction","target":["https:\/\/sites.pucpr.br\/realidadeestendida\/"]}]},{"@type":"BreadcrumbList","@id":"https:\/\/sites.pucpr.br\/realidadeestendida\/#breadcrumb","itemListElement":[{"@type":"ListItem","position":1,"name":"In\u00edcio","item":"https:\/\/sites.pucpr.br\/realidadeestendida\/"},{"@type":"ListItem","position":2,"name":"Home"}]}]}},"acf":[],"_links":{"self":[{"href":"https:\/\/sites.pucpr.br\/realidadeestendida\/wp-json\/wp\/v2\/pages\/540"}],"collection":[{"href":"https:\/\/sites.pucpr.br\/realidadeestendida\/wp-json\/wp\/v2\/pages"}],"about":[{"href":"https:\/\/sites.pucpr.br\/realidadeestendida\/wp-json\/wp\/v2\/types\/page"}],"author":[{"embeddable":true,"href":"https:\/\/sites.pucpr.br\/realidadeestendida\/wp-json\/wp\/v2\/users\/2"}],"replies":[{"embeddable":true,"href":"https:\/\/sites.pucpr.br\/realidadeestendida\/wp-json\/wp\/v2\/comments?post=540"}],"version-history":[{"count":3,"href":"https:\/\/sites.pucpr.br\/realidadeestendida\/wp-json\/wp\/v2\/pages\/540\/revisions"}],"predecessor-version":[{"id":868,"href":"https:\/\/sites.pucpr.br\/realidadeestendida\/wp-json\/wp\/v2\/pages\/540\/revisions\/868"}],"wp:attachment":[{"href":"https:\/\/sites.pucpr.br\/realidadeestendida\/wp-json\/wp\/v2\/media?parent=540"}],"curies":[{"name":"wp","href":"https:\/\/api.w.org\/{rel}","templated":true}]}}