{"id":103,"date":"2021-11-05T10:06:10","date_gmt":"2021-11-05T13:06:10","guid":{"rendered":"https:\/\/sites.pucpr.br\/podcasts\/?page_id=103"},"modified":"2021-11-05T10:06:10","modified_gmt":"2021-11-05T13:06:10","slug":"inicial","status":"publish","type":"page","link":"https:\/\/sites.pucpr.br\/podcasts\/","title":{"rendered":"Inicial"},"content":{"rendered":"","protected":false},"excerpt":{"rendered":"","protected":false},"author":2,"featured_media":93,"parent":0,"menu_order":0,"comment_status":"closed","ping_status":"closed","template":"","meta":[],"yoast_head":"<!-- This site is optimized with the Yoast SEO plugin v18.4.1 - https:\/\/yoast.com\/wordpress\/plugins\/seo\/ -->\n<title>Inicial - Podcasts PUCPR<\/title>\n<meta name=\"robots\" content=\"index, follow, max-snippet:-1, max-image-preview:large, max-video-preview:-1\" \/>\n<link rel=\"canonical\" href=\"https:\/\/sites.pucpr.br\/podcasts\/\" \/>\n<meta property=\"og:locale\" content=\"pt_BR\" \/>\n<meta property=\"og:type\" content=\"article\" \/>\n<meta property=\"og:title\" content=\"Inicial - Podcasts PUCPR\" \/>\n<meta property=\"og:url\" content=\"https:\/\/sites.pucpr.br\/podcasts\/\" \/>\n<meta property=\"og:site_name\" content=\"Podcasts PUCPR\" \/>\n<meta property=\"og:image\" content=\"https:\/\/sites.pucpr.br\/podcasts\/wp-content\/uploads\/sites\/24\/2021\/11\/logo.png\" \/>\n\t<meta property=\"og:image:width\" content=\"562\" \/>\n\t<meta property=\"og:image:height\" content=\"575\" \/>\n\t<meta property=\"og:image:type\" content=\"image\/png\" \/>\n<meta name=\"twitter:card\" content=\"summary_large_image\" \/>\n<script type=\"application\/ld+json\" class=\"yoast-schema-graph\">{\"@context\":\"https:\/\/schema.org\",\"@graph\":[{\"@type\":\"WebSite\",\"@id\":\"https:\/\/sites.pucpr.br\/podcasts\/#website\",\"url\":\"https:\/\/sites.pucpr.br\/podcasts\/\",\"name\":\"Podcasts PUCPR\",\"description\":\"Membros de toda a comunidade  acad\u00eamica e convidados participam  de bate-papos especiais sobre a vida universit\u00e1ria, tend\u00eancias, ci\u00eancias e diversos assuntos que v\u00e3o trazer mais informa\u00e7\u00e3o  e entretenimento para o seu dia.\",\"potentialAction\":[{\"@type\":\"SearchAction\",\"target\":{\"@type\":\"EntryPoint\",\"urlTemplate\":\"https:\/\/sites.pucpr.br\/podcasts\/?s={search_term_string}\"},\"query-input\":\"required name=search_term_string\"}],\"inLanguage\":\"pt-BR\"},{\"@type\":\"ImageObject\",\"@id\":\"https:\/\/sites.pucpr.br\/podcasts\/#primaryimage\",\"inLanguage\":\"pt-BR\",\"url\":\"https:\/\/sites.pucpr.br\/podcasts\/wp-content\/uploads\/sites\/24\/2021\/11\/logo.png\",\"contentUrl\":\"https:\/\/sites.pucpr.br\/podcasts\/wp-content\/uploads\/sites\/24\/2021\/11\/logo.png\",\"width\":562,\"height\":575},{\"@type\":\"WebPage\",\"@id\":\"https:\/\/sites.pucpr.br\/podcasts\/#webpage\",\"url\":\"https:\/\/sites.pucpr.br\/podcasts\/\",\"name\":\"Inicial - Podcasts PUCPR\",\"isPartOf\":{\"@id\":\"https:\/\/sites.pucpr.br\/podcasts\/#website\"},\"primaryImageOfPage\":{\"@id\":\"https:\/\/sites.pucpr.br\/podcasts\/#primaryimage\"},\"datePublished\":\"2021-11-05T13:06:10+00:00\",\"dateModified\":\"2021-11-05T13:06:10+00:00\",\"breadcrumb\":{\"@id\":\"https:\/\/sites.pucpr.br\/podcasts\/#breadcrumb\"},\"inLanguage\":\"pt-BR\",\"potentialAction\":[{\"@type\":\"ReadAction\",\"target\":[\"https:\/\/sites.pucpr.br\/podcasts\/\"]}]},{\"@type\":\"BreadcrumbList\",\"@id\":\"https:\/\/sites.pucpr.br\/podcasts\/#breadcrumb\",\"itemListElement\":[{\"@type\":\"ListItem\",\"position\":1,\"name\":\"In\u00edcio\",\"item\":\"https:\/\/sites.pucpr.br\/podcasts\/\"},{\"@type\":\"ListItem\",\"position\":2,\"name\":\"Inicial\"}]}]}<\/script>\n<!-- \/ Yoast SEO plugin. -->","yoast_head_json":{"title":"Inicial - Podcasts PUCPR","robots":{"index":"index","follow":"follow","max-snippet":"max-snippet:-1","max-image-preview":"max-image-preview:large","max-video-preview":"max-video-preview:-1"},"canonical":"https:\/\/sites.pucpr.br\/podcasts\/","og_locale":"pt_BR","og_type":"article","og_title":"Inicial - Podcasts PUCPR","og_url":"https:\/\/sites.pucpr.br\/podcasts\/","og_site_name":"Podcasts PUCPR","og_image":[{"width":562,"height":575,"url":"https:\/\/sites.pucpr.br\/podcasts\/wp-content\/uploads\/sites\/24\/2021\/11\/logo.png","type":"image\/png"}],"twitter_card":"summary_large_image","schema":{"@context":"https:\/\/schema.org","@graph":[{"@type":"WebSite","@id":"https:\/\/sites.pucpr.br\/podcasts\/#website","url":"https:\/\/sites.pucpr.br\/podcasts\/","name":"Podcasts PUCPR","description":"Membros de toda a comunidade  acad\u00eamica e convidados participam  de bate-papos especiais sobre a vida universit\u00e1ria, tend\u00eancias, ci\u00eancias e diversos assuntos que v\u00e3o trazer mais informa\u00e7\u00e3o  e entretenimento para o seu dia.","potentialAction":[{"@type":"SearchAction","target":{"@type":"EntryPoint","urlTemplate":"https:\/\/sites.pucpr.br\/podcasts\/?s={search_term_string}"},"query-input":"required name=search_term_string"}],"inLanguage":"pt-BR"},{"@type":"ImageObject","@id":"https:\/\/sites.pucpr.br\/podcasts\/#primaryimage","inLanguage":"pt-BR","url":"https:\/\/sites.pucpr.br\/podcasts\/wp-content\/uploads\/sites\/24\/2021\/11\/logo.png","contentUrl":"https:\/\/sites.pucpr.br\/podcasts\/wp-content\/uploads\/sites\/24\/2021\/11\/logo.png","width":562,"height":575},{"@type":"WebPage","@id":"https:\/\/sites.pucpr.br\/podcasts\/#webpage","url":"https:\/\/sites.pucpr.br\/podcasts\/","name":"Inicial - Podcasts PUCPR","isPartOf":{"@id":"https:\/\/sites.pucpr.br\/podcasts\/#website"},"primaryImageOfPage":{"@id":"https:\/\/sites.pucpr.br\/podcasts\/#primaryimage"},"datePublished":"2021-11-05T13:06:10+00:00","dateModified":"2021-11-05T13:06:10+00:00","breadcrumb":{"@id":"https:\/\/sites.pucpr.br\/podcasts\/#breadcrumb"},"inLanguage":"pt-BR","potentialAction":[{"@type":"ReadAction","target":["https:\/\/sites.pucpr.br\/podcasts\/"]}]},{"@type":"BreadcrumbList","@id":"https:\/\/sites.pucpr.br\/podcasts\/#breadcrumb","itemListElement":[{"@type":"ListItem","position":1,"name":"In\u00edcio","item":"https:\/\/sites.pucpr.br\/podcasts\/"},{"@type":"ListItem","position":2,"name":"Inicial"}]}]}},"acf":[],"_links":{"self":[{"href":"https:\/\/sites.pucpr.br\/podcasts\/wp-json\/wp\/v2\/pages\/103"}],"collection":[{"href":"https:\/\/sites.pucpr.br\/podcasts\/wp-json\/wp\/v2\/pages"}],"about":[{"href":"https:\/\/sites.pucpr.br\/podcasts\/wp-json\/wp\/v2\/types\/page"}],"author":[{"embeddable":true,"href":"https:\/\/sites.pucpr.br\/podcasts\/wp-json\/wp\/v2\/users\/2"}],"replies":[{"embeddable":true,"href":"https:\/\/sites.pucpr.br\/podcasts\/wp-json\/wp\/v2\/comments?post=103"}],"version-history":[{"count":1,"href":"https:\/\/sites.pucpr.br\/podcasts\/wp-json\/wp\/v2\/pages\/103\/revisions"}],"predecessor-version":[{"id":105,"href":"https:\/\/sites.pucpr.br\/podcasts\/wp-json\/wp\/v2\/pages\/103\/revisions\/105"}],"wp:featuredmedia":[{"embeddable":true,"href":"https:\/\/sites.pucpr.br\/podcasts\/wp-json\/wp\/v2\/media\/93"}],"wp:attachment":[{"href":"https:\/\/sites.pucpr.br\/podcasts\/wp-json\/wp\/v2\/media?parent=103"}],"curies":[{"name":"wp","href":"https:\/\/api.w.org\/{rel}","templated":true}]}}