{"id":515,"date":"2025-04-15T16:33:59","date_gmt":"2025-04-15T19:33:59","guid":{"rendered":"https:\/\/sites.pucpr.br\/orientacaoprofissional\/?page_id=515"},"modified":"2025-04-15T16:57:01","modified_gmt":"2025-04-15T19:57:01","slug":"agendamento","status":"publish","type":"page","link":"https:\/\/sites.pucpr.br\/orientacaoprofissional\/agendamento\/","title":{"rendered":"Agendamento"},"content":{"rendered":"\t\t<div data-elementor-type=\"wp-page\" data-elementor-id=\"515\" class=\"elementor elementor-515\">\n\t\t\t\t\t\t\t\t\t<section class=\"elementor-section elementor-top-section elementor-element elementor-element-6844d34 elementor-section-full_width elementor-section-height-default elementor-section-height-default\" data-id=\"6844d34\" data-element_type=\"section\">\n\t\t\t\t\t\t<div class=\"elementor-container elementor-column-gap-default\">\n\t\t\t\t\t<div class=\"elementor-column elementor-col-100 elementor-top-column elementor-element elementor-element-15dd598\" data-id=\"15dd598\" data-element_type=\"column\">\n\t\t\t<div class=\"elementor-widget-wrap elementor-element-populated\">\n\t\t\t\t\t\t\t\t<div class=\"elementor-element elementor-element-58b6e45 elementor-widget elementor-widget-ssa-booking\" data-id=\"58b6e45\" data-element_type=\"widget\" data-widget_type=\"ssa-booking.default\">\n\t\t\t\t<div class=\"elementor-widget-container\">\n\t\t\t\t\t<div class=\"elementor-ssa-booking-wrapper\">\n\t\t\t<div >\n\t\t\t\t<div class=\"ssa-booking\">\n\t\t\t\t\t<iframe src=\"https:\/\/sites.pucpr.br\/orientacaoprofissional\/wp-json\/ssa\/v1\/embed-inner?integration&type=ibp-agendamento-site&label&types=5&edit&view&payment_provider&ssa_locale=pt_BR&sid=c2720e95141e8c9f3580805731fbb8fc645b62b3&availability_start_date&availability_end_date&suggest_first_available&suggest_first_available_within_minutes&flow&fallback_flow&time_view&date_view&appointment_types_view&version&accent_color=FF0040&background=FFFFFF&padding=50px&font=Open+Sans&booking_url=https%3A%2F%2Fsites.pucpr.br%2Forientacaoprofissional%2Fagendamento%2F&booking_post_id=515&booking_title=Agendamento&_wpnonce=13d44bd156&redirect_post_id#\/\" height=\"400px\" width=\"100%\" name=\"ssa_booking\" loading=\"eager\" frameborder=\"0\" data-skip-lazy=\"1\" class=\"ssa_booking_iframe skip-lazy\" title=\"Reserve um hor\u00e1rio\"><\/iframe>\t\t\t\t<\/div>\n\t\t\t<\/div>\n\t\t<\/div>\n\t\t\t\t<\/div>\n\t\t\t\t<\/div>\n\t\t\t\t\t<\/div>\n\t\t<\/div>\n\t\t\t\t\t\t\t<\/div>\n\t\t<\/section>\n\t\t\t\t\t\t\t<\/div>\n\t\t","protected":false},"excerpt":{"rendered":"","protected":false},"author":2,"featured_media":0,"parent":0,"menu_order":0,"comment_status":"closed","ping_status":"closed","template":"elementor_canvas","meta":[],"yoast_head":"<!-- This site is optimized with the Yoast SEO plugin v18.4.1 - https:\/\/yoast.com\/wordpress\/plugins\/seo\/ -->\n<title>Agendamento - Orienta\u00e7\u00e3o Profissional para P\u00f3s-gradua\u00e7\u00e3o<\/title>\n<meta name=\"robots\" content=\"index, follow, max-snippet:-1, max-image-preview:large, max-video-preview:-1\" \/>\n<link rel=\"canonical\" href=\"https:\/\/sites.pucpr.br\/orientacaoprofissional\/agendamento\/\" \/>\n<meta property=\"og:locale\" content=\"pt_BR\" \/>\n<meta property=\"og:type\" content=\"article\" \/>\n<meta property=\"og:title\" content=\"Agendamento - Orienta\u00e7\u00e3o Profissional para P\u00f3s-gradua\u00e7\u00e3o\" \/>\n<meta property=\"og:url\" content=\"https:\/\/sites.pucpr.br\/orientacaoprofissional\/agendamento\/\" \/>\n<meta property=\"og:site_name\" content=\"Orienta\u00e7\u00e3o Profissional para P\u00f3s-gradua\u00e7\u00e3o\" \/>\n<meta property=\"article:modified_time\" content=\"2025-04-15T19:57:01+00:00\" \/>\n<meta name=\"twitter:card\" content=\"summary_large_image\" \/>\n<script type=\"application\/ld+json\" class=\"yoast-schema-graph\">{\"@context\":\"https:\/\/schema.org\",\"@graph\":[{\"@type\":\"WebSite\",\"@id\":\"https:\/\/sites.pucpr.br\/orientacaoprofissional\/#website\",\"url\":\"https:\/\/sites.pucpr.br\/orientacaoprofissional\/\",\"name\":\"Orienta\u00e7\u00e3o Profissional para P\u00f3s-gradua\u00e7\u00e3o\",\"description\":\"Quando voc\u00ea pensa nos seus objetivos de carreira surgem algumas dessas d\u00favidas:  Como me destacar no mercado de trabalho? Ser\u00e1 que minha carreira est\u00e1 estagnada? Sinto que estou ficando para tr\u00e1s. O que preciso fazer para crescer na carreira?\",\"potentialAction\":[{\"@type\":\"SearchAction\",\"target\":{\"@type\":\"EntryPoint\",\"urlTemplate\":\"https:\/\/sites.pucpr.br\/orientacaoprofissional\/?s={search_term_string}\"},\"query-input\":\"required name=search_term_string\"}],\"inLanguage\":\"pt-BR\"},{\"@type\":\"WebPage\",\"@id\":\"https:\/\/sites.pucpr.br\/orientacaoprofissional\/agendamento\/#webpage\",\"url\":\"https:\/\/sites.pucpr.br\/orientacaoprofissional\/agendamento\/\",\"name\":\"Agendamento - Orienta\u00e7\u00e3o Profissional para P\u00f3s-gradua\u00e7\u00e3o\",\"isPartOf\":{\"@id\":\"https:\/\/sites.pucpr.br\/orientacaoprofissional\/#website\"},\"datePublished\":\"2025-04-15T19:33:59+00:00\",\"dateModified\":\"2025-04-15T19:57:01+00:00\",\"breadcrumb\":{\"@id\":\"https:\/\/sites.pucpr.br\/orientacaoprofissional\/agendamento\/#breadcrumb\"},\"inLanguage\":\"pt-BR\",\"potentialAction\":[{\"@type\":\"ReadAction\",\"target\":[\"https:\/\/sites.pucpr.br\/orientacaoprofissional\/agendamento\/\"]}]},{\"@type\":\"BreadcrumbList\",\"@id\":\"https:\/\/sites.pucpr.br\/orientacaoprofissional\/agendamento\/#breadcrumb\",\"itemListElement\":[{\"@type\":\"ListItem\",\"position\":1,\"name\":\"In\u00edcio\",\"item\":\"https:\/\/sites.pucpr.br\/orientacaoprofissional\/\"},{\"@type\":\"ListItem\",\"position\":2,\"name\":\"Agendamento\"}]}]}<\/script>\n<!-- \/ Yoast SEO plugin. -->","yoast_head_json":{"title":"Agendamento - Orienta\u00e7\u00e3o Profissional para P\u00f3s-gradua\u00e7\u00e3o","robots":{"index":"index","follow":"follow","max-snippet":"max-snippet:-1","max-image-preview":"max-image-preview:large","max-video-preview":"max-video-preview:-1"},"canonical":"https:\/\/sites.pucpr.br\/orientacaoprofissional\/agendamento\/","og_locale":"pt_BR","og_type":"article","og_title":"Agendamento - Orienta\u00e7\u00e3o Profissional para P\u00f3s-gradua\u00e7\u00e3o","og_url":"https:\/\/sites.pucpr.br\/orientacaoprofissional\/agendamento\/","og_site_name":"Orienta\u00e7\u00e3o Profissional para P\u00f3s-gradua\u00e7\u00e3o","article_modified_time":"2025-04-15T19:57:01+00:00","twitter_card":"summary_large_image","schema":{"@context":"https:\/\/schema.org","@graph":[{"@type":"WebSite","@id":"https:\/\/sites.pucpr.br\/orientacaoprofissional\/#website","url":"https:\/\/sites.pucpr.br\/orientacaoprofissional\/","name":"Orienta\u00e7\u00e3o Profissional para P\u00f3s-gradua\u00e7\u00e3o","description":"Quando voc\u00ea pensa nos seus objetivos de carreira surgem algumas dessas d\u00favidas:  Como me destacar no mercado de trabalho? Ser\u00e1 que minha carreira est\u00e1 estagnada? Sinto que estou ficando para tr\u00e1s. O que preciso fazer para crescer na carreira?","potentialAction":[{"@type":"SearchAction","target":{"@type":"EntryPoint","urlTemplate":"https:\/\/sites.pucpr.br\/orientacaoprofissional\/?s={search_term_string}"},"query-input":"required name=search_term_string"}],"inLanguage":"pt-BR"},{"@type":"WebPage","@id":"https:\/\/sites.pucpr.br\/orientacaoprofissional\/agendamento\/#webpage","url":"https:\/\/sites.pucpr.br\/orientacaoprofissional\/agendamento\/","name":"Agendamento - Orienta\u00e7\u00e3o Profissional para P\u00f3s-gradua\u00e7\u00e3o","isPartOf":{"@id":"https:\/\/sites.pucpr.br\/orientacaoprofissional\/#website"},"datePublished":"2025-04-15T19:33:59+00:00","dateModified":"2025-04-15T19:57:01+00:00","breadcrumb":{"@id":"https:\/\/sites.pucpr.br\/orientacaoprofissional\/agendamento\/#breadcrumb"},"inLanguage":"pt-BR","potentialAction":[{"@type":"ReadAction","target":["https:\/\/sites.pucpr.br\/orientacaoprofissional\/agendamento\/"]}]},{"@type":"BreadcrumbList","@id":"https:\/\/sites.pucpr.br\/orientacaoprofissional\/agendamento\/#breadcrumb","itemListElement":[{"@type":"ListItem","position":1,"name":"In\u00edcio","item":"https:\/\/sites.pucpr.br\/orientacaoprofissional\/"},{"@type":"ListItem","position":2,"name":"Agendamento"}]}]}},"_links":{"self":[{"href":"https:\/\/sites.pucpr.br\/orientacaoprofissional\/wp-json\/wp\/v2\/pages\/515"}],"collection":[{"href":"https:\/\/sites.pucpr.br\/orientacaoprofissional\/wp-json\/wp\/v2\/pages"}],"about":[{"href":"https:\/\/sites.pucpr.br\/orientacaoprofissional\/wp-json\/wp\/v2\/types\/page"}],"author":[{"embeddable":true,"href":"https:\/\/sites.pucpr.br\/orientacaoprofissional\/wp-json\/wp\/v2\/users\/2"}],"replies":[{"embeddable":true,"href":"https:\/\/sites.pucpr.br\/orientacaoprofissional\/wp-json\/wp\/v2\/comments?post=515"}],"version-history":[{"count":7,"href":"https:\/\/sites.pucpr.br\/orientacaoprofissional\/wp-json\/wp\/v2\/pages\/515\/revisions"}],"predecessor-version":[{"id":523,"href":"https:\/\/sites.pucpr.br\/orientacaoprofissional\/wp-json\/wp\/v2\/pages\/515\/revisions\/523"}],"wp:attachment":[{"href":"https:\/\/sites.pucpr.br\/orientacaoprofissional\/wp-json\/wp\/v2\/media?parent=515"}],"curies":[{"name":"wp","href":"https:\/\/api.w.org\/{rel}","templated":true}]}}