{"id":442,"date":"2022-07-04T14:31:30","date_gmt":"2022-07-04T17:31:30","guid":{"rendered":"https:\/\/sites.pucpr.br\/humanitas\/?page_id=442"},"modified":"2022-08-05T10:33:52","modified_gmt":"2022-08-05T13:33:52","slug":"inicial","status":"publish","type":"page","link":"https:\/\/sites.pucpr.br\/humanitas\/","title":{"rendered":"Inicial"},"content":{"rendered":"","protected":false},"excerpt":{"rendered":"","protected":false},"author":2,"featured_media":0,"parent":0,"menu_order":0,"comment_status":"closed","ping_status":"closed","template":"","meta":[],"yoast_head":"<!-- This site is optimized with the Yoast SEO plugin v18.4.1 - https:\/\/yoast.com\/wordpress\/plugins\/seo\/ -->\n<title>Inicial - Humanitas - PUCPR<\/title>\n<meta name=\"description\" content=\"O III Congresso Humanitas, realizado pelos Programas de P\u00f3s-Gradua\u00e7\u00e3o da Escola de Educa\u00e7\u00e3o e Humanidades, convida para a participa\u00e7\u00e3o ...\" \/>\n<meta name=\"robots\" content=\"index, follow, max-snippet:-1, max-image-preview:large, max-video-preview:-1\" \/>\n<link rel=\"canonical\" href=\"https:\/\/sites.pucpr.br\/humanitas\/\" \/>\n<meta property=\"og:locale\" content=\"pt_BR\" \/>\n<meta property=\"og:type\" content=\"article\" \/>\n<meta property=\"og:title\" content=\"Inicial - Humanitas - PUCPR\" \/>\n<meta property=\"og:description\" content=\"O III Congresso Humanitas, realizado pelos Programas de P\u00f3s-Gradua\u00e7\u00e3o da Escola de Educa\u00e7\u00e3o e Humanidades, convida para a participa\u00e7\u00e3o ...\" \/>\n<meta property=\"og:url\" content=\"https:\/\/sites.pucpr.br\/humanitas\/\" \/>\n<meta property=\"og:site_name\" content=\"Humanitas - PUCPR\" \/>\n<meta property=\"article:modified_time\" content=\"2022-08-05T13:33:52+00:00\" \/>\n<meta name=\"twitter:card\" content=\"summary_large_image\" \/>\n<script type=\"application\/ld+json\" class=\"yoast-schema-graph\">{\"@context\":\"https:\/\/schema.org\",\"@graph\":[{\"@type\":\"WebSite\",\"@id\":\"https:\/\/sites.pucpr.br\/humanitas\/#website\",\"url\":\"https:\/\/sites.pucpr.br\/humanitas\/\",\"name\":\"Humanitas - PUCPR\",\"description\":\"PUCPR\",\"potentialAction\":[{\"@type\":\"SearchAction\",\"target\":{\"@type\":\"EntryPoint\",\"urlTemplate\":\"https:\/\/sites.pucpr.br\/humanitas\/?s={search_term_string}\"},\"query-input\":\"required name=search_term_string\"}],\"inLanguage\":\"pt-BR\"},{\"@type\":\"WebPage\",\"@id\":\"https:\/\/sites.pucpr.br\/humanitas\/#webpage\",\"url\":\"https:\/\/sites.pucpr.br\/humanitas\/\",\"name\":\"Inicial - Humanitas - PUCPR\",\"isPartOf\":{\"@id\":\"https:\/\/sites.pucpr.br\/humanitas\/#website\"},\"datePublished\":\"2022-07-04T17:31:30+00:00\",\"dateModified\":\"2022-08-05T13:33:52+00:00\",\"description\":\"O III Congresso Humanitas, realizado pelos Programas de P\u00f3s-Gradua\u00e7\u00e3o da Escola de Educa\u00e7\u00e3o e Humanidades, convida para a participa\u00e7\u00e3o ...\",\"breadcrumb\":{\"@id\":\"https:\/\/sites.pucpr.br\/humanitas\/#breadcrumb\"},\"inLanguage\":\"pt-BR\",\"potentialAction\":[{\"@type\":\"ReadAction\",\"target\":[\"https:\/\/sites.pucpr.br\/humanitas\/\"]}]},{\"@type\":\"BreadcrumbList\",\"@id\":\"https:\/\/sites.pucpr.br\/humanitas\/#breadcrumb\",\"itemListElement\":[{\"@type\":\"ListItem\",\"position\":1,\"name\":\"In\u00edcio\",\"item\":\"https:\/\/sites.pucpr.br\/humanitas\/\"},{\"@type\":\"ListItem\",\"position\":2,\"name\":\"Inicial\"}]}]}<\/script>\n<!-- \/ Yoast SEO plugin. -->","yoast_head_json":{"title":"Inicial - Humanitas - PUCPR","description":"O III Congresso Humanitas, realizado pelos Programas de P\u00f3s-Gradua\u00e7\u00e3o da Escola de Educa\u00e7\u00e3o e Humanidades, convida para a participa\u00e7\u00e3o ...","robots":{"index":"index","follow":"follow","max-snippet":"max-snippet:-1","max-image-preview":"max-image-preview:large","max-video-preview":"max-video-preview:-1"},"canonical":"https:\/\/sites.pucpr.br\/humanitas\/","og_locale":"pt_BR","og_type":"article","og_title":"Inicial - Humanitas - PUCPR","og_description":"O III Congresso Humanitas, realizado pelos Programas de P\u00f3s-Gradua\u00e7\u00e3o da Escola de Educa\u00e7\u00e3o e Humanidades, convida para a participa\u00e7\u00e3o ...","og_url":"https:\/\/sites.pucpr.br\/humanitas\/","og_site_name":"Humanitas - PUCPR","article_modified_time":"2022-08-05T13:33:52+00:00","twitter_card":"summary_large_image","schema":{"@context":"https:\/\/schema.org","@graph":[{"@type":"WebSite","@id":"https:\/\/sites.pucpr.br\/humanitas\/#website","url":"https:\/\/sites.pucpr.br\/humanitas\/","name":"Humanitas - PUCPR","description":"PUCPR","potentialAction":[{"@type":"SearchAction","target":{"@type":"EntryPoint","urlTemplate":"https:\/\/sites.pucpr.br\/humanitas\/?s={search_term_string}"},"query-input":"required name=search_term_string"}],"inLanguage":"pt-BR"},{"@type":"WebPage","@id":"https:\/\/sites.pucpr.br\/humanitas\/#webpage","url":"https:\/\/sites.pucpr.br\/humanitas\/","name":"Inicial - Humanitas - PUCPR","isPartOf":{"@id":"https:\/\/sites.pucpr.br\/humanitas\/#website"},"datePublished":"2022-07-04T17:31:30+00:00","dateModified":"2022-08-05T13:33:52+00:00","description":"O III Congresso Humanitas, realizado pelos Programas de P\u00f3s-Gradua\u00e7\u00e3o da Escola de Educa\u00e7\u00e3o e Humanidades, convida para a participa\u00e7\u00e3o ...","breadcrumb":{"@id":"https:\/\/sites.pucpr.br\/humanitas\/#breadcrumb"},"inLanguage":"pt-BR","potentialAction":[{"@type":"ReadAction","target":["https:\/\/sites.pucpr.br\/humanitas\/"]}]},{"@type":"BreadcrumbList","@id":"https:\/\/sites.pucpr.br\/humanitas\/#breadcrumb","itemListElement":[{"@type":"ListItem","position":1,"name":"In\u00edcio","item":"https:\/\/sites.pucpr.br\/humanitas\/"},{"@type":"ListItem","position":2,"name":"Inicial"}]}]}},"acf":[],"_links":{"self":[{"href":"https:\/\/sites.pucpr.br\/humanitas\/wp-json\/wp\/v2\/pages\/442"}],"collection":[{"href":"https:\/\/sites.pucpr.br\/humanitas\/wp-json\/wp\/v2\/pages"}],"about":[{"href":"https:\/\/sites.pucpr.br\/humanitas\/wp-json\/wp\/v2\/types\/page"}],"author":[{"embeddable":true,"href":"https:\/\/sites.pucpr.br\/humanitas\/wp-json\/wp\/v2\/users\/2"}],"replies":[{"embeddable":true,"href":"https:\/\/sites.pucpr.br\/humanitas\/wp-json\/wp\/v2\/comments?post=442"}],"version-history":[{"count":1,"href":"https:\/\/sites.pucpr.br\/humanitas\/wp-json\/wp\/v2\/pages\/442\/revisions"}],"predecessor-version":[{"id":443,"href":"https:\/\/sites.pucpr.br\/humanitas\/wp-json\/wp\/v2\/pages\/442\/revisions\/443"}],"wp:attachment":[{"href":"https:\/\/sites.pucpr.br\/humanitas\/wp-json\/wp\/v2\/media?parent=442"}],"curies":[{"name":"wp","href":"https:\/\/api.w.org\/{rel}","templated":true}]}}