{"id":567,"date":"2022-06-28T09:58:56","date_gmt":"2022-06-28T12:58:56","guid":{"rendered":"https:\/\/sites.pucpr.br\/experienciadocliente\/?page_id=567"},"modified":"2022-06-28T09:58:56","modified_gmt":"2022-06-28T12:58:56","slug":"inicial","status":"publish","type":"page","link":"https:\/\/sites.pucpr.br\/experienciadocliente\/","title":{"rendered":"Inicial"},"content":{"rendered":"","protected":false},"excerpt":{"rendered":"","protected":false},"author":2,"featured_media":0,"parent":0,"menu_order":0,"comment_status":"closed","ping_status":"closed","template":"","meta":[],"yoast_head":"<!-- This site is optimized with the Yoast SEO plugin v18.4.1 - https:\/\/yoast.com\/wordpress\/plugins\/seo\/ -->\n<title>Inicial - Experi\u00eancia do Cliente<\/title>\n<meta name=\"description\" content=\"O mundo mudou. Com os avan\u00e7os da tecnologia e as mudan\u00e7as sociais, culturais e econ\u00f4micas, os perfis de consumo da sociedade...\" \/>\n<meta name=\"robots\" content=\"index, follow, max-snippet:-1, max-image-preview:large, max-video-preview:-1\" \/>\n<link rel=\"canonical\" href=\"https:\/\/sites.pucpr.br\/experienciadocliente\/\" \/>\n<script type=\"application\/ld+json\" class=\"yoast-schema-graph\">{\"@context\":\"https:\/\/schema.org\",\"@graph\":[{\"@type\":\"Organization\",\"@id\":\"https:\/\/sites.pucpr.br\/experienciadocliente\/#organization\",\"name\":\"PUCPR - Pontif\u00edcia Universidade Cat\u00f3lica do Paran\u00e1\",\"url\":\"https:\/\/sites.pucpr.br\/experienciadocliente\/\",\"sameAs\":[],\"logo\":{\"@type\":\"ImageObject\",\"@id\":\"https:\/\/sites.pucpr.br\/experienciadocliente\/#logo\",\"inLanguage\":\"pt-BR\",\"url\":\"https:\/\/sites.pucpr.br\/experienciadocliente\/wp-content\/uploads\/sites\/33\/2021\/08\/logo_simbolo_semfrase_pucpr_rgb-e1629811540329.png\",\"contentUrl\":\"https:\/\/sites.pucpr.br\/experienciadocliente\/wp-content\/uploads\/sites\/33\/2021\/08\/logo_simbolo_semfrase_pucpr_rgb-e1629811540329.png\",\"width\":100,\"height\":93,\"caption\":\"PUCPR - Pontif\u00edcia Universidade Cat\u00f3lica do Paran\u00e1\"},\"image\":{\"@id\":\"https:\/\/sites.pucpr.br\/experienciadocliente\/#logo\"}},{\"@type\":\"WebSite\",\"@id\":\"https:\/\/sites.pucpr.br\/experienciadocliente\/#website\",\"url\":\"https:\/\/sites.pucpr.br\/experienciadocliente\/\",\"name\":\"Experi\u00eancia do Cliente\",\"description\":\"PUCPR\",\"publisher\":{\"@id\":\"https:\/\/sites.pucpr.br\/experienciadocliente\/#organization\"},\"potentialAction\":[{\"@type\":\"SearchAction\",\"target\":{\"@type\":\"EntryPoint\",\"urlTemplate\":\"https:\/\/sites.pucpr.br\/experienciadocliente\/?s={search_term_string}\"},\"query-input\":\"required name=search_term_string\"}],\"inLanguage\":\"pt-BR\"},{\"@type\":\"WebPage\",\"@id\":\"https:\/\/sites.pucpr.br\/experienciadocliente\/#webpage\",\"url\":\"https:\/\/sites.pucpr.br\/experienciadocliente\/\",\"name\":\"Inicial - Experi\u00eancia do Cliente\",\"isPartOf\":{\"@id\":\"https:\/\/sites.pucpr.br\/experienciadocliente\/#website\"},\"datePublished\":\"2022-06-28T12:58:56+00:00\",\"dateModified\":\"2022-06-28T12:58:56+00:00\",\"description\":\"O mundo mudou. Com os avan\u00e7os da tecnologia e as mudan\u00e7as sociais, culturais e econ\u00f4micas, os perfis de consumo da sociedade...\",\"breadcrumb\":{\"@id\":\"https:\/\/sites.pucpr.br\/experienciadocliente\/#breadcrumb\"},\"inLanguage\":\"pt-BR\",\"potentialAction\":[{\"@type\":\"ReadAction\",\"target\":[\"https:\/\/sites.pucpr.br\/experienciadocliente\/\"]}]},{\"@type\":\"BreadcrumbList\",\"@id\":\"https:\/\/sites.pucpr.br\/experienciadocliente\/#breadcrumb\",\"itemListElement\":[{\"@type\":\"ListItem\",\"position\":1,\"name\":\"In\u00edcio\",\"item\":\"https:\/\/sites.pucpr.br\/experienciadocliente\/\"},{\"@type\":\"ListItem\",\"position\":2,\"name\":\"Inicial\"}]}]}<\/script>\n<!-- \/ Yoast SEO plugin. -->","yoast_head_json":{"title":"Inicial - Experi\u00eancia do Cliente","description":"O mundo mudou. Com os avan\u00e7os da tecnologia e as mudan\u00e7as sociais, culturais e econ\u00f4micas, os perfis de consumo da sociedade...","robots":{"index":"index","follow":"follow","max-snippet":"max-snippet:-1","max-image-preview":"max-image-preview:large","max-video-preview":"max-video-preview:-1"},"canonical":"https:\/\/sites.pucpr.br\/experienciadocliente\/","schema":{"@context":"https:\/\/schema.org","@graph":[{"@type":"Organization","@id":"https:\/\/sites.pucpr.br\/experienciadocliente\/#organization","name":"PUCPR - Pontif\u00edcia Universidade Cat\u00f3lica do Paran\u00e1","url":"https:\/\/sites.pucpr.br\/experienciadocliente\/","sameAs":[],"logo":{"@type":"ImageObject","@id":"https:\/\/sites.pucpr.br\/experienciadocliente\/#logo","inLanguage":"pt-BR","url":"https:\/\/sites.pucpr.br\/experienciadocliente\/wp-content\/uploads\/sites\/33\/2021\/08\/logo_simbolo_semfrase_pucpr_rgb-e1629811540329.png","contentUrl":"https:\/\/sites.pucpr.br\/experienciadocliente\/wp-content\/uploads\/sites\/33\/2021\/08\/logo_simbolo_semfrase_pucpr_rgb-e1629811540329.png","width":100,"height":93,"caption":"PUCPR - Pontif\u00edcia Universidade Cat\u00f3lica do Paran\u00e1"},"image":{"@id":"https:\/\/sites.pucpr.br\/experienciadocliente\/#logo"}},{"@type":"WebSite","@id":"https:\/\/sites.pucpr.br\/experienciadocliente\/#website","url":"https:\/\/sites.pucpr.br\/experienciadocliente\/","name":"Experi\u00eancia do Cliente","description":"PUCPR","publisher":{"@id":"https:\/\/sites.pucpr.br\/experienciadocliente\/#organization"},"potentialAction":[{"@type":"SearchAction","target":{"@type":"EntryPoint","urlTemplate":"https:\/\/sites.pucpr.br\/experienciadocliente\/?s={search_term_string}"},"query-input":"required name=search_term_string"}],"inLanguage":"pt-BR"},{"@type":"WebPage","@id":"https:\/\/sites.pucpr.br\/experienciadocliente\/#webpage","url":"https:\/\/sites.pucpr.br\/experienciadocliente\/","name":"Inicial - Experi\u00eancia do Cliente","isPartOf":{"@id":"https:\/\/sites.pucpr.br\/experienciadocliente\/#website"},"datePublished":"2022-06-28T12:58:56+00:00","dateModified":"2022-06-28T12:58:56+00:00","description":"O mundo mudou. Com os avan\u00e7os da tecnologia e as mudan\u00e7as sociais, culturais e econ\u00f4micas, os perfis de consumo da sociedade...","breadcrumb":{"@id":"https:\/\/sites.pucpr.br\/experienciadocliente\/#breadcrumb"},"inLanguage":"pt-BR","potentialAction":[{"@type":"ReadAction","target":["https:\/\/sites.pucpr.br\/experienciadocliente\/"]}]},{"@type":"BreadcrumbList","@id":"https:\/\/sites.pucpr.br\/experienciadocliente\/#breadcrumb","itemListElement":[{"@type":"ListItem","position":1,"name":"In\u00edcio","item":"https:\/\/sites.pucpr.br\/experienciadocliente\/"},{"@type":"ListItem","position":2,"name":"Inicial"}]}]}},"_links":{"self":[{"href":"https:\/\/sites.pucpr.br\/experienciadocliente\/wp-json\/wp\/v2\/pages\/567"}],"collection":[{"href":"https:\/\/sites.pucpr.br\/experienciadocliente\/wp-json\/wp\/v2\/pages"}],"about":[{"href":"https:\/\/sites.pucpr.br\/experienciadocliente\/wp-json\/wp\/v2\/types\/page"}],"author":[{"embeddable":true,"href":"https:\/\/sites.pucpr.br\/experienciadocliente\/wp-json\/wp\/v2\/users\/2"}],"replies":[{"embeddable":true,"href":"https:\/\/sites.pucpr.br\/experienciadocliente\/wp-json\/wp\/v2\/comments?post=567"}],"version-history":[{"count":1,"href":"https:\/\/sites.pucpr.br\/experienciadocliente\/wp-json\/wp\/v2\/pages\/567\/revisions"}],"predecessor-version":[{"id":568,"href":"https:\/\/sites.pucpr.br\/experienciadocliente\/wp-json\/wp\/v2\/pages\/567\/revisions\/568"}],"wp:attachment":[{"href":"https:\/\/sites.pucpr.br\/experienciadocliente\/wp-json\/wp\/v2\/media?parent=567"}],"curies":[{"name":"wp","href":"https:\/\/api.w.org\/{rel}","templated":true}]}}