{"id":539,"date":"2021-08-10T10:41:57","date_gmt":"2021-08-10T13:41:57","guid":{"rendered":"https:\/\/sites.pucpr.br\/coronavirus\/?page_id=539"},"modified":"2021-08-10T10:42:22","modified_gmt":"2021-08-10T13:42:22","slug":"palavra-do-reitor","status":"publish","type":"page","link":"https:\/\/sites.pucpr.br\/coronavirus\/palavra-do-reitor\/","title":{"rendered":"Palavra do Reitor"},"content":{"rendered":"<p><span class=\"TextRun MacChromeBold SCXW192178517 BCX0\" lang=\"PT-BR\" xml:lang=\"PT-BR\" data-contrast=\"auto\"><span class=\"NormalTextRun SCXW192178517 BCX0\">ATUA\u00c7\u00c3O DA PUCPR FRENTE \u00c0 PANDEMIA DO CORONAV\u00cdRUS: MEM\u00d3RIA INSTITUCIONAL (2020-2021)<\/span><\/span><span class=\"EOP SCXW192178517 BCX0\" data-ccp-props=\"{&quot;201341983&quot;:0,&quot;335551550&quot;:2,&quot;335551620&quot;:2,&quot;335559739&quot;:160,&quot;335559740&quot;:259}\">\u00a0<\/span><\/p>\n<p><span data-contrast=\"auto\">Trata-se de uma imensa honra apresentar essa plataforma que condensa e torna p\u00fablico os esfor\u00e7os que a comunidade acad\u00eamica da PUCPR tem realizado em meio \u00e0 pandemia causada pelo\u00a0Coronav\u00edrus.<\/span><span data-ccp-props=\"{&quot;134233117&quot;:true,&quot;134233118&quot;:true,&quot;201341983&quot;:0,&quot;335551550&quot;:6,&quot;335551620&quot;:6,&quot;335559731&quot;:709,&quot;335559740&quot;:360}\">\u00a0<\/span><\/p>\n<p><span data-contrast=\"auto\">Toda institui\u00e7\u00e3o de ensino deve ser n\u00e3o apenas um \u201cporto seguro\u201d diante das adversidades, mas, acima de tudo, um farol a indicar o melhor trajeto a ser escolhido. Essa responsabilidade transborda em\u00a0\u201cmiss\u00e3o\u201d\u00a0quando\u00a0nos referimos a uma Universidade Cat\u00f3lica, cuja atua\u00e7\u00e3o \u00e9 ser \u201cum centro incompar\u00e1vel de criatividade e de irradia\u00e7\u00e3o do saber para o bem da humanidade\u201d\u00a0(Constitui\u00e7\u00e3o\u00a0<\/span><i><span data-contrast=\"auto\">Ex Corde Ecclesiae<\/span><\/i><span data-contrast=\"auto\">,\u00a0n. 01). Assim, n\u00e3o podemos nos furtar daquele momento comovente e prof\u00e9tico, em 27 de mar\u00e7o de 2020, nos alvores da pandemia, quando\u00a0o\u00a0Papa Francisco, numa Pra\u00e7a de S\u00e3o Pedro vazia e chuvosa, questionou toda a humanidade ao afirmar: \u201cEra ilus\u00e3o pensar que continuar\u00edamos sempre saud\u00e1veis num mundo doente\u00a0[&#8230;]\u00a0Num momento de sofrimento e medo em que o mundo cai de joelhos pela pandemia, mantenhamos a esperan\u00e7a\u201d.<\/span><span data-ccp-props=\"{&quot;134233117&quot;:true,&quot;134233118&quot;:true,&quot;201341983&quot;:0,&quot;335551550&quot;:6,&quot;335551620&quot;:6,&quot;335559731&quot;:709,&quot;335559740&quot;:360}\">\u00a0<\/span><\/p>\n<p><span data-contrast=\"auto\">Com o foco na esperan\u00e7a, a PUCPR, em pleno in\u00edcio do ano acad\u00eamico de 2020, reorganizou todo seu planejamento\u00a0e suas estrat\u00e9gias para continuar em sua miss\u00e3o de formar \u201cgente boa\u201d. Professores se reinventaram, reviram seus planos de ensino, suas metodologias e seus processos de comunica\u00e7\u00e3o; gestores universit\u00e1rios, trabalhando de suas casas, continuaram servindo a comunidade acad\u00eamica; colaboradores, mais do que nunca, fizeram\u00a0jus \u00e0 etimologia da palavra:\u00a0co-laboraram\u00a0para que a esperan\u00e7a fosse a t\u00f4nica do momento.<\/span><span data-ccp-props=\"{&quot;134233117&quot;:true,&quot;134233118&quot;:true,&quot;201341983&quot;:0,&quot;335551550&quot;:6,&quot;335551620&quot;:6,&quot;335559731&quot;:709,&quot;335559740&quot;:360}\">\u00a0<\/span><\/p>\n<p><span data-contrast=\"auto\">Aulas, palestras, confer\u00eancias, reuni\u00f5es, eventos, cola\u00e7\u00e3o de grau, processo seletivo, atividades culturais, esportivas, identit\u00e1rias&#8230;\u00a0o distanciamento\u00a0f\u00edsico,\u00a0imposto\u00a0e necess\u00e1rio,\u00a0foi suplantado\u00a0por uma presen\u00e7a on-line, mas, nem por isso, deixou de ser significativa. Inovamo-nos, reinventamo-nos, recriamo-nos, mas sem perder aquilo que \u00e9 nossa ess\u00eancia e nosso DNA.<\/span><span data-ccp-props=\"{&quot;134233117&quot;:true,&quot;134233118&quot;:true,&quot;201341983&quot;:0,&quot;335551550&quot;:6,&quot;335551620&quot;:6,&quot;335559731&quot;:709,&quot;335559740&quot;:360}\">\u00a0<\/span><\/p>\n<p><span data-contrast=\"auto\">Num momento t\u00e3o singular,\u00a0n\u00e3o apenas da hist\u00f3ria da PUCPR, mas de toda a humanidade, queremos, com esse site, al\u00e9m de preservar a mem\u00f3ria institucional, compartilhar nossa experi\u00eancia com todos. Nessa plataforma, alimentada com conte\u00fados de todos os setores da Universidade, em formato de linha do tempo e subdividida em grandes temas, voc\u00ea encontrar\u00e1 nossos esfor\u00e7os\u00a0por uma \u201cardente procura da verdade e sua transmiss\u00e3o abnegada aos jovens e a todos aqueles que aprendem a raciocinar com rigor, para agir com retid\u00e3o e para servir melhor a sociedade humana (Constitui\u00e7\u00e3o\u00a0<\/span><i><span data-contrast=\"auto\">Ex Corde Ecclesiae<\/span><\/i><span data-contrast=\"auto\">,\u00a0n. 02).<\/span><span data-ccp-props=\"{&quot;134233117&quot;:true,&quot;134233118&quot;:true,&quot;201341983&quot;:0,&quot;335551550&quot;:6,&quot;335551620&quot;:6,&quot;335559731&quot;:709,&quot;335559740&quot;:360}\">\u00a0<\/span><\/p>\n<p><span data-contrast=\"auto\">Meus votos de gratid\u00e3o a todos quanto se empenharam pela constru\u00e7\u00e3o desse espa\u00e7o destinado \u00e0 mem\u00f3ria institucional em tempos de pandemia. Se tal mem\u00f3ria foi capaz de aqui ser preservada, \u00e9 porque, em primeiro lugar, foi uma a\u00e7\u00e3o conjunta de uma comunidade acad\u00eamica que n\u00e3o se intimidou diante do desafio.<\/span><span data-ccp-props=\"{&quot;134233117&quot;:true,&quot;134233118&quot;:true,&quot;201341983&quot;:0,&quot;335551550&quot;:6,&quot;335551620&quot;:6,&quot;335559731&quot;:709,&quot;335559740&quot;:360}\">\u00a0<\/span><\/p>\n<p><span data-contrast=\"auto\">Gostaria, ainda, de fazer minhas as palavras do Papa Francisco dirigidas aos educadores: \u201cN\u00e3o desanimeis diante das dificuldades\u00a0apresentadas! Educar n\u00e3o\u00a0\u00e9\u00a0apenas\u00a0uma profiss\u00e3o, mas uma atitude, um modo de\u00a0ser; para educar \u00e9 preciso sair de si mesmo\u201d. Portanto, saiamos de n\u00f3s mesmos em dire\u00e7\u00e3o ao novo que se aproxima.<\/span><span data-ccp-props=\"{&quot;134233117&quot;:true,&quot;134233118&quot;:true,&quot;201341983&quot;:0,&quot;335551550&quot;:6,&quot;335551620&quot;:6,&quot;335559731&quot;:709,&quot;335559740&quot;:360}\">\u00a0<\/span><\/p>\n<p><span data-ccp-props=\"{&quot;134233117&quot;:true,&quot;134233118&quot;:true,&quot;201341983&quot;:0,&quot;335551550&quot;:6,&quot;335551620&quot;:6,&quot;335559740&quot;:240}\">\u00a0<\/span><\/p>\n<p><span data-contrast=\"auto\">Waldemiro\u00a0Gremski<\/span><span data-ccp-props=\"{&quot;134233117&quot;:true,&quot;134233118&quot;:true,&quot;201341983&quot;:0,&quot;335551550&quot;:6,&quot;335551620&quot;:6,&quot;335559740&quot;:240}\">\u00a0<\/span><\/p>\n<p><span data-contrast=\"auto\">Reitor &#8211; PUCPR<\/span><span data-ccp-props=\"{&quot;134233117&quot;:true,&quot;134233118&quot;:true,&quot;201341983&quot;:0,&quot;335551550&quot;:6,&quot;335551620&quot;:6,&quot;335559740&quot;:240}\">\u00a0<\/span><\/p>\n","protected":false},"excerpt":{"rendered":"<p>ATUA\u00c7\u00c3O DA PUCPR FRENTE \u00c0 PANDEMIA DO CORONAV\u00cdRUS: MEM\u00d3RIA INSTITUCIONAL (2020-2021)\u00a0 Trata-se de uma imensa honra apresentar essa plataforma que condensa e [&hellip;]<\/p>\n","protected":false},"author":1,"featured_media":0,"parent":0,"menu_order":0,"comment_status":"closed","ping_status":"closed","template":"","meta":[],"yoast_head":"<!-- This site is optimized with the Yoast SEO plugin v18.4.1 - https:\/\/yoast.com\/wordpress\/plugins\/seo\/ -->\n<title>Palavra do Reitor - Coronav\u00edrus - PUCPR<\/title>\n<meta name=\"robots\" content=\"index, follow, max-snippet:-1, max-image-preview:large, max-video-preview:-1\" \/>\n<link rel=\"canonical\" href=\"https:\/\/sites.pucpr.br\/coronavirus\/palavra-do-reitor\/\" \/>\n<meta property=\"og:locale\" content=\"pt_BR\" \/>\n<meta property=\"og:type\" content=\"article\" \/>\n<meta property=\"og:title\" content=\"Palavra do Reitor - Coronav\u00edrus - PUCPR\" \/>\n<meta property=\"og:description\" content=\"ATUA\u00c7\u00c3O DA PUCPR FRENTE \u00c0 PANDEMIA DO CORONAV\u00cdRUS: MEM\u00d3RIA INSTITUCIONAL (2020-2021)\u00a0 Trata-se de uma imensa honra apresentar essa plataforma que condensa e [&hellip;]\" \/>\n<meta property=\"og:url\" content=\"https:\/\/sites.pucpr.br\/coronavirus\/palavra-do-reitor\/\" \/>\n<meta property=\"og:site_name\" content=\"Coronav\u00edrus - PUCPR\" \/>\n<meta property=\"article:modified_time\" content=\"2021-08-10T13:42:22+00:00\" \/>\n<meta name=\"twitter:card\" content=\"summary_large_image\" \/>\n<meta name=\"twitter:label1\" content=\"Est. tempo de leitura\" \/>\n\t<meta name=\"twitter:data1\" content=\"3 minutos\" \/>\n<script type=\"application\/ld+json\" class=\"yoast-schema-graph\">{\"@context\":\"https:\/\/schema.org\",\"@graph\":[{\"@type\":\"WebSite\",\"@id\":\"https:\/\/sites.pucpr.br\/coronavirus\/#website\",\"url\":\"https:\/\/sites.pucpr.br\/coronavirus\/\",\"name\":\"Coronav\u00edrus - PUCPR\",\"description\":\"Cuidados e Informa\u00e7\u00f5es\",\"potentialAction\":[{\"@type\":\"SearchAction\",\"target\":{\"@type\":\"EntryPoint\",\"urlTemplate\":\"https:\/\/sites.pucpr.br\/coronavirus\/?s={search_term_string}\"},\"query-input\":\"required name=search_term_string\"}],\"inLanguage\":\"pt-BR\"},{\"@type\":\"WebPage\",\"@id\":\"https:\/\/sites.pucpr.br\/coronavirus\/palavra-do-reitor\/#webpage\",\"url\":\"https:\/\/sites.pucpr.br\/coronavirus\/palavra-do-reitor\/\",\"name\":\"Palavra do Reitor - Coronav\u00edrus - PUCPR\",\"isPartOf\":{\"@id\":\"https:\/\/sites.pucpr.br\/coronavirus\/#website\"},\"datePublished\":\"2021-08-10T13:41:57+00:00\",\"dateModified\":\"2021-08-10T13:42:22+00:00\",\"breadcrumb\":{\"@id\":\"https:\/\/sites.pucpr.br\/coronavirus\/palavra-do-reitor\/#breadcrumb\"},\"inLanguage\":\"pt-BR\",\"potentialAction\":[{\"@type\":\"ReadAction\",\"target\":[\"https:\/\/sites.pucpr.br\/coronavirus\/palavra-do-reitor\/\"]}]},{\"@type\":\"BreadcrumbList\",\"@id\":\"https:\/\/sites.pucpr.br\/coronavirus\/palavra-do-reitor\/#breadcrumb\",\"itemListElement\":[{\"@type\":\"ListItem\",\"position\":1,\"name\":\"In\u00edcio\",\"item\":\"https:\/\/sites.pucpr.br\/coronavirus\/\"},{\"@type\":\"ListItem\",\"position\":2,\"name\":\"Palavra do Reitor\"}]}]}<\/script>\n<!-- \/ Yoast SEO plugin. -->","yoast_head_json":{"title":"Palavra do Reitor - Coronav\u00edrus - PUCPR","robots":{"index":"index","follow":"follow","max-snippet":"max-snippet:-1","max-image-preview":"max-image-preview:large","max-video-preview":"max-video-preview:-1"},"canonical":"https:\/\/sites.pucpr.br\/coronavirus\/palavra-do-reitor\/","og_locale":"pt_BR","og_type":"article","og_title":"Palavra do Reitor - Coronav\u00edrus - PUCPR","og_description":"ATUA\u00c7\u00c3O DA PUCPR FRENTE \u00c0 PANDEMIA DO CORONAV\u00cdRUS: MEM\u00d3RIA INSTITUCIONAL (2020-2021)\u00a0 Trata-se de uma imensa honra apresentar essa plataforma que condensa e [&hellip;]","og_url":"https:\/\/sites.pucpr.br\/coronavirus\/palavra-do-reitor\/","og_site_name":"Coronav\u00edrus - PUCPR","article_modified_time":"2021-08-10T13:42:22+00:00","twitter_card":"summary_large_image","twitter_misc":{"Est. tempo de leitura":"3 minutos"},"schema":{"@context":"https:\/\/schema.org","@graph":[{"@type":"WebSite","@id":"https:\/\/sites.pucpr.br\/coronavirus\/#website","url":"https:\/\/sites.pucpr.br\/coronavirus\/","name":"Coronav\u00edrus - PUCPR","description":"Cuidados e Informa\u00e7\u00f5es","potentialAction":[{"@type":"SearchAction","target":{"@type":"EntryPoint","urlTemplate":"https:\/\/sites.pucpr.br\/coronavirus\/?s={search_term_string}"},"query-input":"required name=search_term_string"}],"inLanguage":"pt-BR"},{"@type":"WebPage","@id":"https:\/\/sites.pucpr.br\/coronavirus\/palavra-do-reitor\/#webpage","url":"https:\/\/sites.pucpr.br\/coronavirus\/palavra-do-reitor\/","name":"Palavra do Reitor - Coronav\u00edrus - PUCPR","isPartOf":{"@id":"https:\/\/sites.pucpr.br\/coronavirus\/#website"},"datePublished":"2021-08-10T13:41:57+00:00","dateModified":"2021-08-10T13:42:22+00:00","breadcrumb":{"@id":"https:\/\/sites.pucpr.br\/coronavirus\/palavra-do-reitor\/#breadcrumb"},"inLanguage":"pt-BR","potentialAction":[{"@type":"ReadAction","target":["https:\/\/sites.pucpr.br\/coronavirus\/palavra-do-reitor\/"]}]},{"@type":"BreadcrumbList","@id":"https:\/\/sites.pucpr.br\/coronavirus\/palavra-do-reitor\/#breadcrumb","itemListElement":[{"@type":"ListItem","position":1,"name":"In\u00edcio","item":"https:\/\/sites.pucpr.br\/coronavirus\/"},{"@type":"ListItem","position":2,"name":"Palavra do Reitor"}]}]}},"_links":{"self":[{"href":"https:\/\/sites.pucpr.br\/coronavirus\/wp-json\/wp\/v2\/pages\/539"}],"collection":[{"href":"https:\/\/sites.pucpr.br\/coronavirus\/wp-json\/wp\/v2\/pages"}],"about":[{"href":"https:\/\/sites.pucpr.br\/coronavirus\/wp-json\/wp\/v2\/types\/page"}],"author":[{"embeddable":true,"href":"https:\/\/sites.pucpr.br\/coronavirus\/wp-json\/wp\/v2\/users\/1"}],"replies":[{"embeddable":true,"href":"https:\/\/sites.pucpr.br\/coronavirus\/wp-json\/wp\/v2\/comments?post=539"}],"version-history":[{"count":2,"href":"https:\/\/sites.pucpr.br\/coronavirus\/wp-json\/wp\/v2\/pages\/539\/revisions"}],"predecessor-version":[{"id":542,"href":"https:\/\/sites.pucpr.br\/coronavirus\/wp-json\/wp\/v2\/pages\/539\/revisions\/542"}],"wp:attachment":[{"href":"https:\/\/sites.pucpr.br\/coronavirus\/wp-json\/wp\/v2\/media?parent=539"}],"curies":[{"name":"wp","href":"https:\/\/api.w.org\/{rel}","templated":true}]}}